{"id":4710,"date":"2024-04-21T00:15:21","date_gmt":"2024-04-21T00:15:21","guid":{"rendered":"https:\/\/fadcom.alameda.ao\/?page_id=4710"},"modified":"2024-04-21T17:58:46","modified_gmt":"2024-04-21T17:58:46","slug":"mensagem-do-presidente","status":"publish","type":"page","link":"https:\/\/fadcom.alameda.ao\/?page_id=4710","title":{"rendered":"MENSAGEM DO PRESIDENTE"},"content":{"rendered":"<p>[vc_row rt_row_background_width=&#8221;fullwidth&#8221; rt_row_content_width=&#8221;default&#8221; rt_row_style=&#8221;default-style&#8221; rt_row_height=&#8221;&#8221; rt_column_gaps=&#8221;&#8221; rt_row_shadows=&#8221;&#8221; rt_row_borders=&#8221;&#8221; rt_bg_effect=&#8221;classic&#8221; rt_bg_image_repeat=&#8221;repeat&#8221; rt_bg_size=&#8221;cover&#8221; rt_bg_position=&#8221;right top&#8221; rt_bg_attachment=&#8221;scroll&#8221; rt_bg_layer=&#8221;&#8221; rt_bg_video_format=&#8221;self-hosted&#8221;][vc_column width=&#8221;2\/3&#8243; rt_bg_effect=&#8221;classic&#8221; rt_bg_image_repeat=&#8221;repeat&#8221; rt_bg_size=&#8221;auto auto&#8221; rt_bg_position=&#8221;right top&#8221; rt_bg_attachment=&#8221;scroll&#8221;]<blockquote class=\"rt_quote style-2\" >\n\t\t\t\t\t\t\u00c9 com grande satisfa\u00e7\u00e3o e entusiasmo que inicio esta nova etapa \u00e0 frente do Fundo de Apoio ao Desenvolvimento das Comunica\u00e7\u00f5es (FADCOM). Hoje, olhamos para o futuro com esperan\u00e7a e determina\u00e7\u00e3o, prontos para enfrentar os desafios e aproveitar as oportunidades que se apresentam \u00e0 nossa frente.<\/p>\n<p>Meu compromisso e o de toda a equipe do FADCOM \u00e9 promover um acesso mais amplo e justo \u00e0s comunica\u00e7\u00f5es em Angola. Acreditamos firmemente no poder transformador das tecnologias de informa\u00e7\u00e3o e comunica\u00e7\u00e3o (TIC) para impulsionar o desenvolvimento econ\u00f4mico, social e educacional do nosso pa\u00eds.<\/p>\n<p>Nos pr\u00f3ximos anos, trabalharemos incansavelmente para expandir nossa infraestrutura de comunica\u00e7\u00f5es, fortalecer nossa rede de parcerias e promover iniciativas inovadoras que beneficiem todas as comunidades angolanas. Queremos garantir que cada pessoa, independentemente de sua localiza\u00e7\u00e3o ou condi\u00e7\u00e3o socioecon\u00f4mica, tenha acesso \u00e0s ferramentas e recursos necess\u00e1rios para prosperar na era digital.<\/p>\n<p>Convido cada um de voc\u00eas a se juntar a n\u00f3s nesta jornada emocionante. Seja como um colaborador, parceiro ou defensor das nossas iniciativas, seu apoio \u00e9 fundamental para o nosso sucesso. Juntos, podemos construir um futuro mais conectado, inclusivo e promissor para todos os angolanos.<\/p>\n<p>Obrigado por fazerem parte desta jornada conosco.<\/p>\n<p>Atenciosamente,<br \/>\nPresidente do Fundo de Apoio ao Desenvolvimento das Comunica\u00e7\u00f5es (FADCOM)<cite class=\"author_info\">\n\t\t\t\t\t\t<span>Dr. Am\u00e9rico Ant\u00f3nio dos Santos<\/span> \n\t\t\t\t\t<\/cite>\t\t\t\t\t\t\n\t\t\t\t\t<\/blockquote>[\/vc_column][vc_column width=&#8221;1\/3&#8243; rt_bg_effect=&#8221;classic&#8221; rt_bg_image_repeat=&#8221;repeat&#8221; rt_bg_size=&#8221;auto auto&#8221; rt_bg_position=&#8221;right top&#8221; rt_bg_attachment=&#8221;scroll&#8221;]<section id=\"staff-823591\" class=\"team clearfix fixed_heights rt-flex-wrapper \"><div class=\"row clearfix\"><div class=\"col col-sm-12\">\n<div id=\"1873\" class=\"loop boxed col-sm-12 post-1873 staff type-staff status-publish has-post-thumbnail hentry\">\n\n\n\t\t<div class=\"person_image\">\t\t\n\t\t<div class=\"person_image_wrapper\">\n\t\t\t\n\t\t\t\t\t\t\t<a href=\"https:\/\/fadcom.alameda.ao\/?post_type=staff&#038;p=1873\"><img fetchpriority=\"high\" decoding=\"async\" src=\"https:\/\/fadcom.alameda.ao\/wp-content\/uploads\/2014\/02\/Captura_de_e.jpg\" alt=\"\" class=\"\" width=\"258\" height=\"284\" \/><\/a>\n\t\t\t\t\t\t\n\t\t<\/div>\n\t<\/div>\n\t\n\t<div class=\"person_data\">\n\n\t\t\t\t\t<h5 class=\"person_name\"><a href=\"https:\/\/fadcom.alameda.ao\/?post_type=staff&#038;p=1873\">Dr. Am\u00e9rico Ant\u00f3nio dos Santos<\/a><\/h5>\n\t\t\n\t\t\t\t\t<span class=\"position\">Presidente do Conselho de Administra\u00e7\u00e3o<\/span>\n\t\t\n\t\t\n\t\t<div class=\"person_links_wrapper\"><ul class=\"social_media\"><li class=\"mail\"><a class=\"ui-icon-mail\" target=\"_self\" href=\"#\" title=\"Email\"><span>Send Email<\/span><\/a><\/li><li class=\"twitter\"><a class=\"ui-icon-twitter\" target=\"_blank\" href=\"#\" title=\"X (Twitter)\"><span>Follow on Twitter<\/span><\/a><\/li><li class=\"facebook\"><a class=\"ui-icon-facebook\" target=\"_blank\" href=\"#\" title=\"Facebook\"><span>Follow on Facebook<\/span><\/a><\/li><li class=\"linkedin\"><a class=\"ui-icon-linkedin\" target=\"_blank\" href=\"#\" title=\"Linkedin\"><span>Follow on Linkedin<\/span><\/a><\/li><\/ul><\/div>\t\n\t<\/div> \n\t\n\t\t\t<\/div>\n<\/div>\n<\/div><\/section>[\/vc_column][\/vc_row]<\/p>\n","protected":false},"excerpt":{"rendered":"<p>[vc_row rt_row_background_width=&#8221;fullwidth&#8221; rt_row_content_width=&#8221;default&#8221; rt_row_style=&#8221;default-style&#8221; rt_row_height=&#8221;&#8221; rt_column_gaps=&#8221;&#8221; rt_row_shadows=&#8221;&#8221; rt_row_borders=&#8221;&#8221; rt_bg_effect=&#8221;classic&#8221; rt_bg_image_repeat=&#8221;repeat&#8221; rt_bg_size=&#8221;cover&#8221; rt_bg_position=&#8221;right top&#8221; rt_bg_attachment=&#8221;scroll&#8221; rt_bg_layer=&#8221;&#8221; rt_bg_video_format=&#8221;self-hosted&#8221;][vc_column width=&#8221;2\/3&#8243; rt_bg_effect=&#8221;classic&#8221; rt_bg_image_repeat=&#8221;repeat&#8221; rt_bg_size=&#8221;auto auto&#8221; rt_bg_position=&#8221;right top&#8221; rt_bg_attachment=&#8221;scroll&#8221;][\/vc_column][vc_column width=&#8221;1\/3&#8243; rt_bg_effect=&#8221;classic&#8221; rt_bg_image_repeat=&#8221;repeat&#8221; rt_bg_size=&#8221;auto auto&#8221; rt_bg_position=&#8221;right top&#8221; rt_bg_attachment=&#8221;scroll&#8221;][\/vc_column][\/vc_row]<\/p>\n","protected":false},"author":1,"featured_media":0,"parent":0,"menu_order":0,"comment_status":"closed","ping_status":"closed","template":"elementor_theme","meta":{"footnotes":""},"class_list":["post-4710","page","type-page","status-publish","hentry"],"_links":{"self":[{"href":"https:\/\/fadcom.alameda.ao\/index.php?rest_route=\/wp\/v2\/pages\/4710","targetHints":{"allow":["GET"]}}],"collection":[{"href":"https:\/\/fadcom.alameda.ao\/index.php?rest_route=\/wp\/v2\/pages"}],"about":[{"href":"https:\/\/fadcom.alameda.ao\/index.php?rest_route=\/wp\/v2\/types\/page"}],"author":[{"embeddable":true,"href":"https:\/\/fadcom.alameda.ao\/index.php?rest_route=\/wp\/v2\/users\/1"}],"replies":[{"embeddable":true,"href":"https:\/\/fadcom.alameda.ao\/index.php?rest_route=%2Fwp%2Fv2%2Fcomments&post=4710"}],"version-history":[{"count":24,"href":"https:\/\/fadcom.alameda.ao\/index.php?rest_route=\/wp\/v2\/pages\/4710\/revisions"}],"predecessor-version":[{"id":4735,"href":"https:\/\/fadcom.alameda.ao\/index.php?rest_route=\/wp\/v2\/pages\/4710\/revisions\/4735"}],"wp:attachment":[{"href":"https:\/\/fadcom.alameda.ao\/index.php?rest_route=%2Fwp%2Fv2%2Fmedia&parent=4710"}],"curies":[{"name":"wp","href":"https:\/\/api.w.org\/{rel}","templated":true}]}}