{"id":4286,"date":"2017-07-29T19:21:06","date_gmt":"2017-07-29T19:21:06","guid":{"rendered":"http:\/\/businesslounge-demo.rtthemes.com\/?page_id=4286"},"modified":"2024-04-21T19:46:25","modified_gmt":"2024-04-21T19:46:25","slug":"faq","status":"publish","type":"page","link":"https:\/\/fadcom.alameda.ao\/?page_id=4286","title":{"rendered":"FAQ"},"content":{"rendered":"<p>[vc_row rt_row_background_width=&#8221;fullwidth&#8221; rt_row_content_width=&#8221;default&#8221; rt_row_style=&#8221;default-style&#8221; rt_row_height=&#8221;&#8221; rt_column_placement=&#8221;middle&#8221; rt_column_gaps=&#8221;&#8221; rt_row_shadows=&#8221;&#8221; rt_row_borders=&#8221;&#8221; rt_bg_effect=&#8221;classic&#8221; rt_bg_image_repeat=&#8221;no-repeat&#8221; rt_bg_size=&#8221;auto auto&#8221; rt_bg_position=&#8221;center center&#8221; rt_bg_attachment=&#8221;scroll&#8221; rt_bg_layer=&#8221;&#8221; rt_bg_video_format=&#8221;self-hosted&#8221; rt_class=&#8221;rt-1610906&#8243; rt_paddings=&#8221;80px,80px,,&#8221; rt_margins=&#8221;,,,&#8221; rt_content_margins=&#8221;,,,&#8221; rt_tablet_paddings=&#8221;,,,&#8221; rt_tablet_margins=&#8221;,,,&#8221; rt_tablet_content_margins=&#8221;,,,&#8221; rt_sp_paddings=&#8221;,,,&#8221; rt_sp_margins=&#8221;,,,&#8221; rt_sp_content_margins=&#8221;,,,&#8221;][vc_column rt_bg_effect=&#8221;classic&#8221; rt_bg_image_repeat=&#8221;repeat&#8221; rt_bg_size=&#8221;auto auto&#8221; rt_bg_position=&#8221;right top&#8221; rt_bg_attachment=&#8221;scroll&#8221;]<div class=\"rt-heading-wrapper mobile-text-center rt-1944922\">\n\t\t\t\t\t\t<h5 class=\"rt-heading primary-color\" >Pergunta e Resposta FADCOM<\/h5>\n\t\t\t\t\t<\/div><div  class=\"rt-toggle  icons\"><ol><li  class=\"\"><div class=\"toggle-head\"><div class=\"toggle-title\"><span class=\"icon-help-circled\"><\/span>O que \u00e9 o FADCOM?<\/div><\/div><div class=\"toggle-content\"><p>O FADCOM, abrevia\u00e7\u00e3o para Fundo de Apoio ao Desenvolvimento das Comunica\u00e7\u00f5es, \u00e9 uma institui\u00e7\u00e3o dedicada a gerir as contribui\u00e7\u00f5es dos operadores e prestadores de servi\u00e7os no dom\u00ednio das tecnologias de informa\u00e7\u00e3o e comunica\u00e7\u00e3o para promover o acesso universal \u00e0s comunica\u00e7\u00f5es em Angola.<\/p>\n<\/div><\/li><li  class=\"\"><div class=\"toggle-head\"><div class=\"toggle-title\"><span class=\"icon-help-circled\"><\/span>Qual \u00e9 a miss\u00e3o do FADCOM?<\/div><\/div><div class=\"toggle-content\"><p>A miss\u00e3o do FADCOM \u00e9 garantir o suporte financeiro para a presta\u00e7\u00e3o do servi\u00e7o universal no dom\u00ednio das tecnologias de informa\u00e7\u00e3o e comunica\u00e7\u00e3o, contribuindo para a edifica\u00e7\u00e3o da Sociedade de Informa\u00e7\u00e3o e do Conhecimento em Angola<\/p>\n<\/div><\/li><li  class=\"\"><div class=\"toggle-head\"><div class=\"toggle-title\"><span class=\"icon-help-circled\"><\/span>Quais s\u00e3o os objetivos do FADCOM?<\/div><\/div><div class=\"toggle-content\"><p>O FADCOM tem como objetivos principais contribuir para a promo\u00e7\u00e3o do acesso das popula\u00e7\u00f5es rurais aos servi\u00e7os de comunica\u00e7\u00f5es, o desenvolvimento da rede b\u00e1sica de telecomunica\u00e7\u00f5es, a forma\u00e7\u00e3o de quadros e a investiga\u00e7\u00e3o cient\u00edfica no dom\u00ednio das TIC, al\u00e9m de assegurar a transpar\u00eancia e boa qualidade de servi\u00e7o no setor.<\/p>\n<\/div><\/li><li  class=\"\"><div class=\"toggle-head\"><div class=\"toggle-title\"><span class=\"icon-help-circled\"><\/span>Quem s\u00e3o os benefici\u00e1rios do FADCOM?<\/div><\/div><div class=\"toggle-content\"><p>Os benefici\u00e1rios do FADCOM incluem projetos de expans\u00e3o da rede b\u00e1sica de telecomunica\u00e7\u00f5es e da rede postal, operadores de telecomunica\u00e7\u00f5es de uso p\u00fablico, institui\u00e7\u00f5es dedicadas ao fomento do acesso \u00e0s comunica\u00e7\u00f5es, entre outros.<\/p>\n<\/div><\/li><li  class=\"\"><div class=\"toggle-head\"><div class=\"toggle-title\"><span class=\"icon-help-circled\"><\/span>Como posso solicitar apoio do FADCOM para um projeto?<\/div><\/div><div class=\"toggle-content\"><p>Os interessados em solicitar apoio do FADCOM para um projeto devem apresentar suas propostas junto ao Secretariado Executivo do FADCOM, seguindo os termos definidos em ato pr\u00f3prio do Conselho de Administra\u00e7\u00e3o.<\/p>\n<\/div><\/li><li  class=\"\"><div class=\"toggle-head\"><div class=\"toggle-title\"><span class=\"icon-help-circled\"><\/span>Qual \u00e9 a estrutura organizacional do FADCOM?<\/div><\/div><div class=\"toggle-content\"><p>O FADCOM \u00e9 composto por quatro \u00f3rg\u00e3os principais: Conselho de Administra\u00e7\u00e3o, Conselho Consultivo, Conselho Fiscal e Secretariado Executivo.<\/p>\n<\/div><\/li><li  class=\"\"><div class=\"toggle-head\"><div class=\"toggle-title\"><span class=\"icon-help-circled\"><\/span>Como posso obter mais informa\u00e7\u00f5es sobre as atividades do FADCOM?<\/div><\/div><div class=\"toggle-content\"><p>Para obter mais informa\u00e7\u00f5es sobre as atividades do FADCOM, voc\u00ea pode acessar nosso website oficial, entrar em contato conosco por e-mail ou telefone, ou visitar nossas instala\u00e7\u00f5es em Luanda.<\/p>\n<\/div><\/li><li  class=\"\"><div class=\"toggle-head\"><div class=\"toggle-title\"><span class=\"icon-help-circled\"><\/span>Quais s\u00e3o as fontes de financiamento do FADCOM?<\/div><\/div><div class=\"toggle-content\"><p>O FADCOM obt\u00e9m financiamento atrav\u00e9s de uma variedade de fontes, incluindo uma quota da receita do Instituto Angolano das Comunica\u00e7\u00f5es (INACOM), contribui\u00e7\u00f5es dos operadores de redes p\u00fablicas de telecomunica\u00e7\u00f5es, receitas de empr\u00e9stimos, doa\u00e7\u00f5es, entre outras.<\/p>\n<\/div><\/li><li  class=\"\"><div class=\"toggle-head\"><div class=\"toggle-title\"><span class=\"icon-help-circled\"><\/span>Como o FADCOM garante a transpar\u00eancia e a qualidade em suas opera\u00e7\u00f5es?<\/div><\/div><div class=\"toggle-content\"><p>O FADCOM adota pr\u00e1ticas de transpar\u00eancia e qualidade em suas opera\u00e7\u00f5es atrav\u00e9s da presta\u00e7\u00e3o de contas anuais, auditorias regulares, participa\u00e7\u00e3o do Conselho Fiscal e do Conselho Consultivo, al\u00e9m do cumprimento das normas e regulamentos estabelecidos.<\/p>\n<\/div><\/li><li  class=\"\"><div class=\"toggle-head\"><div class=\"toggle-title\"><span class=\"icon-help-circled\"><\/span>Quais s\u00e3o os pr\u00f3ximos passos do FADCOM?<\/div><\/div><div class=\"toggle-content\"><p>Os pr\u00f3ximos passos do FADCOM incluem a implementa\u00e7\u00e3o de projetos estrat\u00e9gicos para promover o acesso universal \u00e0s comunica\u00e7\u00f5es, o fortalecimento da infraestrutura de telecomunica\u00e7\u00f5es e o apoio ao desenvolvimento do setor de TIC em Angola.<\/p>\n<\/div><\/li><\/ol><\/div>[\/vc_column][\/vc_row][vc_row rt_row_background_width=&#8221;fullwidth&#8221; rt_row_content_width=&#8221;default&#8221; rt_row_style=&#8221;default-style&#8221; rt_row_height=&#8221;&#8221; rt_column_placement=&#8221;middle&#8221; rt_column_gaps=&#8221;&#8221; rt_row_shadows=&#8221;&#8221; rt_row_borders=&#8221;&#8221; rt_bg_effect=&#8221;classic&#8221; rt_bg_image_repeat=&#8221;no-repeat&#8221; rt_bg_size=&#8221;auto auto&#8221; rt_bg_position=&#8221;center bottom&#8221; rt_bg_attachment=&#8221;scroll&#8221; rt_bg_layer=&#8221;&#8221; rt_bg_video_format=&#8221;self-hosted&#8221; rt_class=&#8221;rt-8031007&#8243; rt_paddings=&#8221;40px,40px,,&#8221; rt_margins=&#8221;,,,&#8221; rt_content_margins=&#8221;,,,&#8221; rt_tablet_paddings=&#8221;,,,&#8221; rt_tablet_margins=&#8221;,,,&#8221; rt_tablet_content_margins=&#8221;,,,&#8221; rt_sp_paddings=&#8221;,,,&#8221; rt_sp_margins=&#8221;,,,&#8221; rt_sp_content_margins=&#8221;,,,&#8221;][vc_column width=&#8221;2\/3&#8243; tablet_align=&#8221;center&#8221; mobile_align=&#8221;center&#8221; rt_bg_effect=&#8221;classic&#8221; rt_bg_image_repeat=&#8221;repeat&#8221; rt_bg_size=&#8221;auto auto&#8221; rt_bg_position=&#8221;right top&#8221; rt_bg_attachment=&#8221;scroll&#8221; rt_class=&#8221;rt-7966690&#8243; rt_margins=&#8221;,&#8221; rt_paddings=&#8221;20,20,,&#8221; rt_wrapper_paddings=&#8221;,,,&#8221; rt_tablet_margins=&#8221;,&#8221; rt_tablet_paddings=&#8221;,,,&#8221; rt_tablet_wrapper_paddings=&#8221;,,,&#8221; rt_sp_margins=&#8221;,&#8221; rt_sp_paddings=&#8221;,,,&#8221; rt_sp_wrapper_paddings=&#8221;,,,&#8221; rt_bg_color=&#8221;&#8221; rt_bg_overlay_color=&#8221;&#8221;]<div class=\"rt-heading-wrapper style-2 rt-4132644\">\n\t\t\t\t\t\t<h4 class=\"rt-heading style-2\" >Entre em contacto para mais Informa\u00e7\u00e3o<\/h4>\n\t\t\t\t\t<\/div>[\/vc_column][vc_column width=&#8221;1\/3&#8243; text_align=&#8221;right&#8221; tablet_align=&#8221;center&#8221; mobile_align=&#8221;center&#8221; rt_bg_effect=&#8221;classic&#8221; rt_bg_image_repeat=&#8221;repeat&#8221; rt_bg_size=&#8221;auto auto&#8221; rt_bg_position=&#8221;right top&#8221; rt_bg_attachment=&#8221;scroll&#8221; rt_class=&#8221;rt-8821647&#8243; rt_margins=&#8221;,&#8221; rt_paddings=&#8221;20,20,,&#8221; rt_wrapper_paddings=&#8221;,,,&#8221; rt_tablet_margins=&#8221;,&#8221; rt_tablet_paddings=&#8221;,,,&#8221; rt_tablet_wrapper_paddings=&#8221;,,,&#8221; rt_sp_margins=&#8221;,&#8221; rt_sp_paddings=&#8221;,,,&#8221; rt_sp_wrapper_paddings=&#8221;,,,&#8221; rt_bg_color=&#8221;&#8221; rt_bg_overlay_color=&#8221;&#8221;]<div class=\"button_wrapper  arrow rounded\"><a href=\"\" target=\"_self\" title=\"CONTACTO\" class=\"button_  heading-font black medium rt-7393403\"><span><span>CONTACTO<\/span><\/span><\/a><\/div>[\/vc_column][\/vc_row]<\/p>\n","protected":false},"excerpt":{"rendered":"<p>[vc_row rt_row_background_width=&#8221;fullwidth&#8221; rt_row_content_width=&#8221;default&#8221; rt_row_style=&#8221;default-style&#8221; rt_row_height=&#8221;&#8221; rt_column_placement=&#8221;middle&#8221; rt_column_gaps=&#8221;&#8221; rt_row_shadows=&#8221;&#8221; rt_row_borders=&#8221;&#8221; rt_bg_effect=&#8221;classic&#8221; rt_bg_image_repeat=&#8221;no-repeat&#8221; rt_bg_size=&#8221;auto auto&#8221; rt_bg_position=&#8221;center center&#8221; rt_bg_attachment=&#8221;scroll&#8221; rt_bg_layer=&#8221;&#8221; rt_bg_video_format=&#8221;self-hosted&#8221; rt_class=&#8221;rt-1610906&#8243; rt_paddings=&#8221;80px,80px,,&#8221; rt_margins=&#8221;,,,&#8221; rt_content_margins=&#8221;,,,&#8221; rt_tablet_paddings=&#8221;,,,&#8221; rt_tablet_margins=&#8221;,,,&#8221; rt_tablet_content_margins=&#8221;,,,&#8221; rt_sp_paddings=&#8221;,,,&#8221; rt_sp_margins=&#8221;,,,&#8221; rt_sp_content_margins=&#8221;,,,&#8221;][vc_column rt_bg_effect=&#8221;classic&#8221; rt_bg_image_repeat=&#8221;repeat&#8221; rt_bg_size=&#8221;auto auto&#8221; rt_bg_position=&#8221;right top&#8221; rt_bg_attachment=&#8221;scroll&#8221;][\/vc_column][\/vc_row][vc_row rt_row_background_width=&#8221;fullwidth&#8221; rt_row_content_width=&#8221;default&#8221; rt_row_style=&#8221;default-style&#8221; rt_row_height=&#8221;&#8221; rt_column_placement=&#8221;middle&#8221; rt_column_gaps=&#8221;&#8221; rt_row_shadows=&#8221;&#8221; rt_row_borders=&#8221;&#8221; rt_bg_effect=&#8221;classic&#8221; rt_bg_image_repeat=&#8221;no-repeat&#8221; rt_bg_size=&#8221;auto auto&#8221; rt_bg_position=&#8221;center bottom&#8221; rt_bg_attachment=&#8221;scroll&#8221; rt_bg_layer=&#8221;&#8221; rt_bg_video_format=&#8221;self-hosted&#8221; rt_class=&#8221;rt-8031007&#8243; rt_paddings=&#8221;40px,40px,,&#8221; rt_margins=&#8221;,,,&#8221; [&hellip;]<\/p>\n","protected":false},"author":1,"featured_media":0,"parent":0,"menu_order":0,"comment_status":"closed","ping_status":"closed","template":"","meta":{"footnotes":""},"class_list":["post-4286","page","type-page","status-publish","hentry"],"_links":{"self":[{"href":"https:\/\/fadcom.alameda.ao\/index.php?rest_route=\/wp\/v2\/pages\/4286","targetHints":{"allow":["GET"]}}],"collection":[{"href":"https:\/\/fadcom.alameda.ao\/index.php?rest_route=\/wp\/v2\/pages"}],"about":[{"href":"https:\/\/fadcom.alameda.ao\/index.php?rest_route=\/wp\/v2\/types\/page"}],"author":[{"embeddable":true,"href":"https:\/\/fadcom.alameda.ao\/index.php?rest_route=\/wp\/v2\/users\/1"}],"replies":[{"embeddable":true,"href":"https:\/\/fadcom.alameda.ao\/index.php?rest_route=%2Fwp%2Fv2%2Fcomments&post=4286"}],"version-history":[{"count":4,"href":"https:\/\/fadcom.alameda.ao\/index.php?rest_route=\/wp\/v2\/pages\/4286\/revisions"}],"predecessor-version":[{"id":4768,"href":"https:\/\/fadcom.alameda.ao\/index.php?rest_route=\/wp\/v2\/pages\/4286\/revisions\/4768"}],"wp:attachment":[{"href":"https:\/\/fadcom.alameda.ao\/index.php?rest_route=%2Fwp%2Fv2%2Fmedia&parent=4286"}],"curies":[{"name":"wp","href":"https:\/\/api.w.org\/{rel}","templated":true}]}}