{"id":3970,"date":"2017-06-28T15:11:29","date_gmt":"2017-06-28T15:11:29","guid":{"rendered":"http:\/\/businesslounge-demo.rtthemes.com\/?page_id=3970"},"modified":"2024-05-29T23:12:01","modified_gmt":"2024-05-29T23:12:01","slug":"projectos","status":"publish","type":"page","link":"https:\/\/fadcom.alameda.ao\/?page_id=3970","title":{"rendered":"PROJECTOS"},"content":{"rendered":"<p>[vc_row rt_row_background_width=&#8221;fullwidth&#8221; rt_row_content_width=&#8221;default&#8221; rt_row_style=&#8221;default-style&#8221; rt_row_height=&#8221;&#8221; rt_column_gaps=&#8221;&#8221; rt_row_shadows=&#8221;&#8221; rt_row_borders=&#8221;&#8221; rt_bg_effect=&#8221;classic&#8221; rt_transparent_bg=&#8221;true&#8221; rt_bg_image_repeat=&#8221;repeat&#8221; rt_bg_size=&#8221;cover&#8221; rt_bg_position=&#8221;right top&#8221; rt_bg_attachment=&#8221;scroll&#8221; rt_bg_layer=&#8221;&#8221; rt_bg_video_format=&#8221;self-hosted&#8221; rt_row_paddings=&#8221;true&#8221; rt_bg_custom_alignment=&#8221;top&#8221; rt_margin_top=&#8221;-80px&#8221; rt_padding_top=&#8221;0&#8243; rt_padding_bottom=&#8221;80px&#8221; rt_class=&#8221;rt-7150748&#8243; rt_paddings=&#8221;,,,&#8221; rt_margins=&#8221;,,,&#8221; rt_content_margins=&#8221;,,,&#8221; rt_tablet_paddings=&#8221;,,,&#8221; rt_tablet_margins=&#8221;,,,&#8221; rt_tablet_content_margins=&#8221;,,,&#8221; rt_sp_paddings=&#8221;,,,&#8221; rt_sp_margins=&#8221;,,,&#8221; rt_sp_content_margins=&#8221;,,,&#8221; rt_bg_overlay_color=&#8221;#f1f1f1&#8243;][vc_column rt_bg_image_repeat=&#8221;repeat&#8221; rt_bg_size=&#8221;auto auto&#8221; rt_bg_position=&#8221;right top&#8221; rt_bg_attachment=&#8221;scroll&#8221; rt_col_paddings=&#8221;true&#8221; rt_wrp_col_paddings=&#8221;false&#8221; rt_bg_color=&#8221;&#8221; rt_bg_overlay_color=&#8221;&#8221;]\n<div id=\"portfolio-dynamicID-670902\" class=\"portfolio_list rt-gallery fixed_heights clearfix grid-gallery\" data-column-width=\"4\">\n<div class=\"row fixed_heights clearfix\">\n<div class=\"col col-sm-3   portfolio-39\">\n \n\n<!-- portfolio box-->\n<div class=\"loop style-1 hover-1 boxed image post-3911 portfolio type-portfolio status-publish has-post-thumbnail hentry portfolio_categories-research\" id=\"portfolio-3911\">\n\n\t<div class=\"portfolio-loop-item-wrapper\">\n\t\t \n\t\t\t\t\t<figure class=\"image-thumbnail\">\n\t\t\t\t\t\t<a href=\"https:\/\/fadcom.alameda.ao\/?portfolio=agricultural-market-analysis-2017\" target=\"_self\" title=\"Projecto Angola Online\"><img fetchpriority=\"high\" decoding=\"async\" src=\"https:\/\/fadcom.alameda.ao\/wp-content\/uploads\/2017\/06\/SSSSASS-600x400.jpg\" alt=\"\" class=\"\" width=\"600\" height=\"400\" \/><\/a>\n\t\t\t\t\t<\/figure>\n\n\t\t\t\t\t<section class=\"text\">\n\t\t\t\t\t\t\n\t\t\t\t\t\t<h5 class=\"title\"><a href=\"https:\/\/fadcom.alameda.ao\/?portfolio=agricultural-market-analysis-2017\" target=\"_self\" rel=\"bookmark\">Projecto Angola Online<\/a><\/h5>\n\t\t\t\t\t\t\n\t\t\t\t\t\t<p>O projecto de internet gratuita \u201d Angola Online\u201d tem permitido o acesso de trinta mil cidad\u00e3os, nos 111 pontos existentes em todo pa\u00eds..<a class=\"read_more\" href=\"https:\/\/fadcom.alameda.ao\/?portfolio=agricultural-market-analysis-2017\" target=\"_self\"><\/a><\/p>\n\t\t\t\t\t\t\n\t\t\t\t\t<\/section>  \n\t\t\t\t\t<\/div>\n<\/div> \n<!-- \/ portfolio box-->\n<\/div>\n<div class=\"col col-sm-3   portfolio-39\">\n \n\n<!-- portfolio box-->\n<div class=\"loop style-1 hover-1 boxed image post-3910 portfolio type-portfolio status-publish has-post-thumbnail hentry portfolio_categories-research\" id=\"portfolio-3910\">\n\n\t<div class=\"portfolio-loop-item-wrapper\">\n\t\t \n\t\t\t\t\t<figure class=\"image-thumbnail\">\n\t\t\t\t\t\t<a href=\"https:\/\/fadcom.alameda.ao\/?portfolio=city-app-market-research\" target=\"_self\" title=\"Projecto N \u00b4 gola Digital\"><img decoding=\"async\" src=\"https:\/\/fadcom.alameda.ao\/wp-content\/uploads\/2017\/06\/2e4aba87b2-600x400.png\" alt=\"\" class=\"\" width=\"600\" height=\"400\" \/><\/a>\n\t\t\t\t\t<\/figure>\n\n\t\t\t\t\t<section class=\"text\">\n\t\t\t\t\t\t\n\t\t\t\t\t\t<h5 class=\"title\"><a href=\"https:\/\/fadcom.alameda.ao\/?portfolio=city-app-market-research\" target=\"_self\" rel=\"bookmark\">Projecto N \u00b4 gola Digital<\/a><\/h5>\n\t\t\t\t\t\t\n\t\t\t\t\t\t<p>N\u00b4Gola Digital \u00e9 um\u00a0projecto social sem fins lucrativos com o objectivo de atingir as popula\u00e7\u00f5es menos favorecidas..<a class=\"read_more\" href=\"https:\/\/fadcom.alameda.ao\/?portfolio=city-app-market-research\" target=\"_self\"><\/a><\/p>\n\t\t\t\t\t\t\n\t\t\t\t\t<\/section>  \n\t\t\t\t\t<\/div>\n<\/div> \n<!-- \/ portfolio box-->\n<\/div>\n<div class=\"col col-sm-3   portfolio-43\">\n \n\n<!-- portfolio box-->\n<div class=\"loop style-1 hover-1 boxed image post-3899 portfolio type-portfolio status-publish has-post-thumbnail hentry portfolio_categories-training\" id=\"portfolio-3899\">\n\n\t<div class=\"portfolio-loop-item-wrapper\">\n\t\t \n\t\t\t\t\t<figure class=\"image-thumbnail\">\n\t\t\t\t\t\t<a href=\"https:\/\/fadcom.alameda.ao\/?portfolio=wavebank-call-center-training\" target=\"_self\" title=\"Projecto Conecta Angola\"><img decoding=\"async\" src=\"https:\/\/fadcom.alameda.ao\/wp-content\/uploads\/2017\/06\/21b0ee1d182c7-600x400.jpeg\" alt=\"\" class=\"\" width=\"600\" height=\"400\" \/><\/a>\n\t\t\t\t\t<\/figure>\n\n\t\t\t\t\t<section class=\"text\">\n\t\t\t\t\t\t\n\t\t\t\t\t\t<h5 class=\"title\"><a href=\"https:\/\/fadcom.alameda.ao\/?portfolio=wavebank-call-center-training\" target=\"_self\" rel=\"bookmark\">Projecto Conecta Angola<\/a><\/h5>\n\t\t\t\t\t\t\n\t\t\t\t\t\t<p>Conecta Angola \u00e9 um projecto de \u00e2mbito social que teve o seu lan\u00e7amento no dia 12 de Junho, durante a abertura oficial do ANGOTIC 2023<a class=\"read_more\" href=\"https:\/\/fadcom.alameda.ao\/?portfolio=wavebank-call-center-training\" target=\"_self\"><\/a><\/p>\n\t\t\t\t\t\t\n\t\t\t\t\t<\/section>  \n\t\t\t\t\t<\/div>\n<\/div> \n<!-- \/ portfolio box-->\n<\/div>\n<div class=\"col col-sm-3   portfolio-40\">\n \n\n<!-- portfolio box-->\n<div class=\"loop style-1 hover-1 boxed image post-3912 portfolio type-portfolio status-publish has-post-thumbnail hentry portfolio_categories-seminar\" id=\"portfolio-3912\">\n\n\t<div class=\"portfolio-loop-item-wrapper\">\n\t\t \n\t\t\t\t\t<figure class=\"image-thumbnail\">\n\t\t\t\t\t\t<a href=\"https:\/\/fadcom.alameda.ao\/?portfolio=eco-friendly-business-seminar\" target=\"_self\" title=\"Projecto SEPE Angola\"><img loading=\"lazy\" decoding=\"async\" src=\"https:\/\/fadcom.alameda.ao\/wp-content\/uploads\/2017\/06\/92e0f11de2379-600x358.png\" alt=\"\" class=\"\" width=\"600\" height=\"358\" \/><\/a>\n\t\t\t\t\t<\/figure>\n\n\t\t\t\t\t<section class=\"text\">\n\t\t\t\t\t\t\n\t\t\t\t\t\t<h5 class=\"title\"><a href=\"https:\/\/fadcom.alameda.ao\/?portfolio=eco-friendly-business-seminar\" target=\"_self\" rel=\"bookmark\">Projecto SEPE Angola<\/a><\/h5>\n\t\t\t\t\t\t\n\t\t\t\t\t\t<p>SEPE (Servi\u00e7os P\u00fablicos Electr\u00f3nicos) \u00e9 o Portal Oficial da Administra\u00e7\u00e3o P\u00fablica, para divulga\u00e7\u00e3o de informa\u00e7\u00f5es sobre os Servi\u00e7os P\u00fablicos de Angola.<a class=\"read_more\" href=\"https:\/\/fadcom.alameda.ao\/?portfolio=eco-friendly-business-seminar\" target=\"_self\"><\/a><\/p>\n\t\t\t\t\t\t\n\t\t\t\t\t<\/section>  \n\t\t\t\t\t<\/div>\n<\/div> \n<!-- \/ portfolio box-->\n<\/div>\n<\/div>\n<div class=\"row fixed_heights clearfix\">\n<div class=\"col col-sm-3   portfolio-40\">\n \n\n<!-- portfolio box-->\n<div class=\"loop style-1 hover-1 boxed image post-3913 portfolio type-portfolio status-publish has-post-thumbnail hentry portfolio_categories-seminar\" id=\"portfolio-3913\">\n\n\t<div class=\"portfolio-loop-item-wrapper\">\n\t\t \n\t\t\t\t\t<figure class=\"image-thumbnail\">\n\t\t\t\t\t\t<a href=\"https:\/\/fadcom.alameda.ao\/?portfolio=social-media-marketting-seminar\" target=\"_self\" title=\"Projecto de Telemedicina\"><img loading=\"lazy\" decoding=\"async\" src=\"https:\/\/fadcom.alameda.ao\/wp-content\/uploads\/2017\/06\/646dd-486x400.png\" alt=\"\" class=\"\" width=\"486\" height=\"400\" \/><\/a>\n\t\t\t\t\t<\/figure>\n\n\t\t\t\t\t<section class=\"text\">\n\t\t\t\t\t\t\n\t\t\t\t\t\t<h5 class=\"title\"><a href=\"https:\/\/fadcom.alameda.ao\/?portfolio=social-media-marketting-seminar\" target=\"_self\" rel=\"bookmark\">Projecto de Telemedicina<\/a><\/h5>\n\t\t\t\t\t\t\n\t\t\t\t\t\t<p>O Minist\u00e9rio da Sa\u00fade est\u00e1 a desenvolver, em algumas prov\u00edncias do pa\u00eds, um projecto de instala\u00e7\u00e3o de servi\u00e7os de telemedicina.<a class=\"read_more\" href=\"https:\/\/fadcom.alameda.ao\/?portfolio=social-media-marketting-seminar\" target=\"_self\"><\/a><\/p>\n\t\t\t\t\t\t\n\t\t\t\t\t<\/section>  \n\t\t\t\t\t<\/div>\n<\/div> \n<!-- \/ portfolio box-->\n<\/div>\n<div class=\"col col-sm-3   portfolio-36\">\n \n\n<!-- portfolio box-->\n<div class=\"loop style-1 hover-1 boxed image post-3914 portfolio type-portfolio status-publish has-post-thumbnail hentry portfolio_categories-lansman\" id=\"portfolio-3914\">\n\n\t<div class=\"portfolio-loop-item-wrapper\">\n\t\t \n\t\t\t\t\t<figure class=\"image-thumbnail\">\n\t\t\t\t\t\t<a href=\"https:\/\/fadcom.alameda.ao\/?portfolio=wonder-vr-lansman\" target=\"_self\" title=\"Projecto de Moderniza\u00e7\u00e3o da REMA &#8211; Rede de Mediateca de Angola\"><img loading=\"lazy\" decoding=\"async\" src=\"https:\/\/fadcom.alameda.ao\/wp-content\/uploads\/2017\/06\/6dcc148a5.jpeg\" alt=\"\" class=\"\" width=\"375\" height=\"178\" \/><\/a>\n\t\t\t\t\t<\/figure>\n\n\t\t\t\t\t<section class=\"text\">\n\t\t\t\t\t\t\n\t\t\t\t\t\t<h5 class=\"title\"><a href=\"https:\/\/fadcom.alameda.ao\/?portfolio=wonder-vr-lansman\" target=\"_self\" rel=\"bookmark\">Projecto de Moderniza\u00e7\u00e3o da REMA &#8211; Rede de Mediateca de Angola<\/a><\/h5>\n\t\t\t\t\t\t\n\t\t\t\t\t\t<p>As mediatecas s\u00e3o comummente definidas como bibliotecas informatizadas e multim\u00e9dia, que t\u00eam por objectivo fundamental proporcionar<a class=\"read_more\" href=\"https:\/\/fadcom.alameda.ao\/?portfolio=wonder-vr-lansman\" target=\"_self\"><\/a><\/p>\n\t\t\t\t\t\t\n\t\t\t\t\t<\/section>  \n\t\t\t\t\t<\/div>\n<\/div> \n<!-- \/ portfolio box-->\n<\/div>\n<div class=\"col col-sm-3   portfolio-43\">\n \n\n<!-- portfolio box-->\n<div class=\"loop style-1 hover-1 boxed image post-3915 portfolio type-portfolio status-publish has-post-thumbnail hentry portfolio_categories-training\" id=\"portfolio-3915\">\n\n\t<div class=\"portfolio-loop-item-wrapper\">\n\t\t \n\t\t\t\t\t<figure class=\"image-thumbnail\">\n\t\t\t\t\t\t<a href=\"https:\/\/fadcom.alameda.ao\/?portfolio=b-capital-finacial-training\" target=\"_self\" title=\"Digital.AO, Angola tem novo centro tecnol\u00f3gico\"><img loading=\"lazy\" decoding=\"async\" src=\"https:\/\/fadcom.alameda.ao\/wp-content\/uploads\/2017\/06\/digitaledificio1_47461487-600x388.png\" alt=\"\" class=\"\" width=\"600\" height=\"388\" \/><\/a>\n\t\t\t\t\t<\/figure>\n\n\t\t\t\t\t<section class=\"text\">\n\t\t\t\t\t\t\n\t\t\t\t\t\t<h5 class=\"title\"><a href=\"https:\/\/fadcom.alameda.ao\/?portfolio=b-capital-finacial-training\" target=\"_self\" rel=\"bookmark\">Digital.AO, Angola tem novo centro tecnol\u00f3gico<\/a><\/h5>\n\t\t\t\t\t\t\n\t\t\t\t\t\t<p>O angolano que desejar buscar algum servi\u00e7o do digital.ao, mesmo que esteja fora de Luanda<a class=\"read_more\" href=\"https:\/\/fadcom.alameda.ao\/?portfolio=b-capital-finacial-training\" target=\"_self\"><\/a><\/p>\n\t\t\t\t\t\t\n\t\t\t\t\t<\/section>  \n\t\t\t\t\t<\/div>\n<\/div> \n<!-- \/ portfolio box-->\n<\/div>\n<div class=\"col col-sm-3   portfolio-43\">\n \n\n<!-- portfolio box-->\n<div class=\"loop style-1 hover-1 boxed image post-3916 portfolio type-portfolio status-publish has-post-thumbnail hentry portfolio_categories-training\" id=\"portfolio-3916\">\n\n\t<div class=\"portfolio-loop-item-wrapper\">\n\t\t \n\t\t\t\t\t<figure class=\"image-thumbnail\">\n\t\t\t\t\t\t<a href=\"https:\/\/fadcom.alameda.ao\/?portfolio=abc-bank-staff-training\" target=\"_self\" title=\"Terceira edi\u00e7\u00e3o do ANGOTIC\"><img loading=\"lazy\" decoding=\"async\" src=\"https:\/\/fadcom.alameda.ao\/wp-content\/uploads\/2017\/06\/ANGOTICC-1024x658-1-600x400.jpg\" alt=\"\" class=\"\" width=\"600\" height=\"400\" \/><\/a>\n\t\t\t\t\t<\/figure>\n\n\t\t\t\t\t<section class=\"text\">\n\t\t\t\t\t\t\n\t\t\t\t\t\t<h5 class=\"title\"><a href=\"https:\/\/fadcom.alameda.ao\/?portfolio=abc-bank-staff-training\" target=\"_self\" rel=\"bookmark\">Terceira edi\u00e7\u00e3o do ANGOTIC<\/a><\/h5>\n\t\t\t\t\t\t\n\t\t\t\t\t\t<p>Luanda-A realiza\u00e7\u00e3o da terceira edi\u00e7\u00e3o do ANGOTIC 2023- F\u00f3rum Internacional de Tecnologias de Informa\u00e7\u00e3o e Comunica\u00e7\u00e3o, que decorreu de 12 a 14 deste m\u00eas<a class=\"read_more\" href=\"https:\/\/fadcom.alameda.ao\/?portfolio=abc-bank-staff-training\" target=\"_self\"><\/a><\/p>\n\t\t\t\t\t\t\n\t\t\t\t\t<\/section>  \n\t\t\t\t\t<\/div>\n<\/div> \n<!-- \/ portfolio box-->\n<\/div>\n<\/div>\n<\/div>\n<div class=\"paging_wrapper margin-t30 margin-b30\"><ul class='page-numbers'>\n\t<li><span aria-current=\"page\" class=\"page-numbers current\">1<\/span><\/li>\n\t<li><a class=\"page-numbers\" href=\"https:\/\/fadcom.alameda.ao\/index.php\/?paged=2&#038;rest_route=%2Fwp%2Fv2%2Fpages%2F3970\">2<\/a><\/li>\n\t<li><a class=\"next page-numbers\" href=\"https:\/\/fadcom.alameda.ao\/index.php\/?paged=2&#038;rest_route=%2Fwp%2Fv2%2Fpages%2F3970\"><span class=\"ui-icon-angle-right\"><\/span><\/a><\/li>\n<\/ul>\n<\/div>[\/vc_column][\/vc_row]<\/p>\n","protected":false},"excerpt":{"rendered":"<p>[vc_row rt_row_background_width=&#8221;fullwidth&#8221; rt_row_content_width=&#8221;default&#8221; rt_row_style=&#8221;default-style&#8221; rt_row_height=&#8221;&#8221; rt_column_gaps=&#8221;&#8221; rt_row_shadows=&#8221;&#8221; rt_row_borders=&#8221;&#8221; rt_bg_effect=&#8221;classic&#8221; rt_transparent_bg=&#8221;true&#8221; rt_bg_image_repeat=&#8221;repeat&#8221; rt_bg_size=&#8221;cover&#8221; rt_bg_position=&#8221;right top&#8221; rt_bg_attachment=&#8221;scroll&#8221; rt_bg_layer=&#8221;&#8221; rt_bg_video_format=&#8221;self-hosted&#8221; rt_row_paddings=&#8221;true&#8221; rt_bg_custom_alignment=&#8221;top&#8221; rt_margin_top=&#8221;-80px&#8221; rt_padding_top=&#8221;0&#8243; rt_padding_bottom=&#8221;80px&#8221; rt_class=&#8221;rt-7150748&#8243; rt_paddings=&#8221;,,,&#8221; rt_margins=&#8221;,,,&#8221; rt_content_margins=&#8221;,,,&#8221; rt_tablet_paddings=&#8221;,,,&#8221; rt_tablet_margins=&#8221;,,,&#8221; rt_tablet_content_margins=&#8221;,,,&#8221; rt_sp_paddings=&#8221;,,,&#8221; rt_sp_margins=&#8221;,,,&#8221; rt_sp_content_margins=&#8221;,,,&#8221; rt_bg_overlay_color=&#8221;#f1f1f1&#8243;][vc_column rt_bg_image_repeat=&#8221;repeat&#8221; rt_bg_size=&#8221;auto auto&#8221; rt_bg_position=&#8221;right top&#8221; rt_bg_attachment=&#8221;scroll&#8221; rt_col_paddings=&#8221;true&#8221; rt_wrp_col_paddings=&#8221;false&#8221; rt_bg_color=&#8221;&#8221; rt_bg_overlay_color=&#8221;&#8221;][\/vc_column][\/vc_row]<\/p>\n","protected":false},"author":1,"featured_media":0,"parent":0,"menu_order":0,"comment_status":"closed","ping_status":"closed","template":"","meta":{"footnotes":""},"class_list":["post-3970","page","type-page","status-publish","hentry"],"_links":{"self":[{"href":"https:\/\/fadcom.alameda.ao\/index.php?rest_route=\/wp\/v2\/pages\/3970","targetHints":{"allow":["GET"]}}],"collection":[{"href":"https:\/\/fadcom.alameda.ao\/index.php?rest_route=\/wp\/v2\/pages"}],"about":[{"href":"https:\/\/fadcom.alameda.ao\/index.php?rest_route=\/wp\/v2\/types\/page"}],"author":[{"embeddable":true,"href":"https:\/\/fadcom.alameda.ao\/index.php?rest_route=\/wp\/v2\/users\/1"}],"replies":[{"embeddable":true,"href":"https:\/\/fadcom.alameda.ao\/index.php?rest_route=%2Fwp%2Fv2%2Fcomments&post=3970"}],"version-history":[{"count":1,"href":"https:\/\/fadcom.alameda.ao\/index.php?rest_route=\/wp\/v2\/pages\/3970\/revisions"}],"predecessor-version":[{"id":4796,"href":"https:\/\/fadcom.alameda.ao\/index.php?rest_route=\/wp\/v2\/pages\/3970\/revisions\/4796"}],"wp:attachment":[{"href":"https:\/\/fadcom.alameda.ao\/index.php?rest_route=%2Fwp%2Fv2%2Fmedia&parent=3970"}],"curies":[{"name":"wp","href":"https:\/\/api.w.org\/{rel}","templated":true}]}}