{"id":3925,"date":"2017-06-28T02:09:48","date_gmt":"2017-06-28T02:09:48","guid":{"rendered":"http:\/\/businesslounge-demo.rtthemes.com\/?page_id=3925"},"modified":"2017-06-28T02:09:48","modified_gmt":"2017-06-28T02:09:48","slug":"projects","status":"publish","type":"page","link":"https:\/\/fadcom.alameda.ao\/?page_id=3925","title":{"rendered":"Projects"},"content":{"rendered":"<p>[vc_row rt_row_background_width=&#8221;fullwidth&#8221; rt_row_content_width=&#8221;default&#8221; rt_row_style=&#8221;default-style&#8221; rt_row_height=&#8221;&#8221; rt_column_gaps=&#8221;&#8221; rt_row_shadows=&#8221;&#8221; rt_row_borders=&#8221;&#8221; rt_bg_effect=&#8221;classic&#8221; rt_transparent_bg=&#8221;false&#8221; rt_bg_image_repeat=&#8221;repeat&#8221; rt_bg_size=&#8221;cover&#8221; rt_bg_position=&#8221;right top&#8221; rt_bg_attachment=&#8221;scroll&#8221; rt_bg_layer=&#8221;&#8221; rt_bg_video_format=&#8221;self-hosted&#8221; rt_row_paddings=&#8221;true&#8221; rt_bg_custom_alignment=&#8221;top&#8221; rt_padding_bottom=&#8221;80&#8243; rt_class=&#8221;rt-4688456&#8243; rt_paddings=&#8221;40,40,,&#8221; rt_margins=&#8221;,,,&#8221; rt_content_margins=&#8221;,,,&#8221; rt_tablet_paddings=&#8221;,,,&#8221; rt_tablet_margins=&#8221;,,,&#8221; rt_tablet_content_margins=&#8221;,,,&#8221; rt_sp_paddings=&#8221;,,,&#8221; rt_sp_margins=&#8221;,,,&#8221; rt_sp_content_margins=&#8221;,,,&#8221;][vc_column rt_bg_image_repeat=&#8221;repeat&#8221; rt_bg_size=&#8221;auto auto&#8221; rt_bg_position=&#8221;right top&#8221; rt_bg_attachment=&#8221;scroll&#8221; rt_col_paddings=&#8221;true&#8221; rt_wrp_col_paddings=&#8221;false&#8221; rt_bg_color=&#8221;&#8221; rt_bg_overlay_color=&#8221;&#8221;]\n\t\t\t\t\t\t<div class=\"filter-holder\" data-list-id=\"portfolio-dynamicID-921184\">\n\t\t\t\t\t\t\t<ul class=\"filter_navigation\">\n\t\t\t\t\t\t\t\t<li>\n\t\t\t\t\t\t\t\t\t<span>SORT PROJECTS<\/span>\n\t\t\t\t\t\t\t\t\t\t<ul>\n\t\t\t\t\t\t\t\t\t\t\t<li><a href=\"#\" data-filter=\"*\" class=\"active\" title=\"ALL\">ALL<\/a><\/li>\n\t\t\t\t\t\t\t\t\t\t\t<li><a data-filter=\".portfolio-36\" title=\"Lansman\">Lansman<\/a><\/li>\n<li><a data-filter=\".portfolio-37\" title=\"Organization\">Organization<\/a><\/li>\n<li><a data-filter=\".portfolio-39\" title=\"Research\">Research<\/a><\/li>\n<li><a data-filter=\".portfolio-40\" title=\"Seminar\">Seminar<\/a><\/li>\n<li><a data-filter=\".portfolio-43\" title=\"Training\">Training<\/a><\/li>\n\n\t\t\t\t\t\t\t\t\t\t<\/ul>\n\t\t\t\t\t\t\t\t<\/li>\n\t\t\t\t\t\t\t<\/ul>\n\t\t\t\t\t\t<\/div>\n<div id=\"portfolio-dynamicID-921184\" class=\"row portfolio_list rt-gallery clearfix  metro-gallery filterable\" data-column-width=\"3\">\n<div class=\"col col-xs-12 col-sm-6 col-md-6  rt-dynamic  portfolio-37\">\n \n\n<!-- portfolio box-->\n<div class=\"loop style-2 hover-1 image post-3918 portfolio type-portfolio status-publish has-post-thumbnail hentry portfolio_categories-organization\" id=\"portfolio-3918\">\n\n\t<div class=\"portfolio-loop-item-wrapper\">\n\t\t\n\n\t\t\t\t\t\t<figure class=\"image-thumbnail\">\n\t\t\t\t\t\t\t<a href=\"https:\/\/fadcom.alameda.ao\/?portfolio=eu-technology-summit-organization\" target=\"_self\" title=\"EU Technology Summit Organization\"><img fetchpriority=\"high\" decoding=\"async\" src=\"https:\/\/fadcom.alameda.ao\/wp-content\/uploads\/2017\/06\/project-5-960x960.jpg\" alt=\"\" class=\"\" width=\"960\" height=\"960\" \/><\/a>\n\t\t\t\t\t\t<\/figure>\n\n\t\t\t\t\t\t<div class=\"visible_title\">\n\t\t\t\t\t\t\t<h5 class=\"title\">EU Technology Summit Organization<\/h5>\n\t\t\t\t\t\t<\/div>\n\n\t\t\t\t\t\t<div class=\"overlay\">\n\t\t\t\t\t\t\t<section class=\"text\">\n\t\t\t\t\t\t\t\t\t\n\t\t\t\t\t\t\t\t<h5 class=\"title\"><a href=\"https:\/\/fadcom.alameda.ao\/?portfolio=eu-technology-summit-organization\" target=\"_self\" rel=\"bookmark\">EU Technology Summit Organization<\/a><\/h5>\n\t\t\t\t\t\t\t\t<span class=\"terms\"><a href=\"https:\/\/fadcom.alameda.ao\/?taxonomy=portfolio_categories&#038;term=organization\" rel=\"tag\">Organization<\/a><\/span>\n\t\t\t\t\t\t\t\t<p>Donec porta tortor eget eros finibus, finibus hendrerit elit venenatis faucibus orci luctus et ultrices posuere.\n<a class=\"read_more\" href=\"https:\/\/fadcom.alameda.ao\/?portfolio=eu-technology-summit-organization\" target=\"_self\"><\/a><\/p>\t\t\t\t\n\t\t\t\t\t\t\t\t\t\n\t\t\t\t\t\t\t<\/section> \t\n\t\t\t\t\t\t<\/div>\n\n\t\t\t\t\t\t<\/div>\n<\/div> \n<!-- \/ portfolio box-->\n<\/div>\n<div class=\"col col-xs-12 col-sm-3 col-md-3  rt-dynamic  portfolio-36\">\n \n\n<!-- portfolio box-->\n<div class=\"loop style-2 hover-1 image post-3917 portfolio type-portfolio status-publish has-post-thumbnail hentry portfolio_categories-lansman\" id=\"portfolio-3917\">\n\n\t<div class=\"portfolio-loop-item-wrapper\">\n\t\t\n\n\t\t\t\t\t\t<figure class=\"image-thumbnail\">\n\t\t\t\t\t\t\t<a href=\"https:\/\/fadcom.alameda.ao\/?portfolio=tech-drones-lansman\" target=\"_self\" title=\"Tech Drones Lansman\"><img decoding=\"async\" src=\"https:\/\/fadcom.alameda.ao\/wp-content\/uploads\/2017\/06\/project-8-960x960.jpg\" alt=\"\" class=\"\" width=\"960\" height=\"960\" \/><\/a>\n\t\t\t\t\t\t<\/figure>\n\n\t\t\t\t\t\t<div class=\"visible_title\">\n\t\t\t\t\t\t\t<h5 class=\"title\">Tech Drones Lansman<\/h5>\n\t\t\t\t\t\t<\/div>\n\n\t\t\t\t\t\t<div class=\"overlay\">\n\t\t\t\t\t\t\t<section class=\"text\">\n\t\t\t\t\t\t\t\t\t\n\t\t\t\t\t\t\t\t<h5 class=\"title\"><a href=\"https:\/\/fadcom.alameda.ao\/?portfolio=tech-drones-lansman\" target=\"_self\" rel=\"bookmark\">Tech Drones Lansman<\/a><\/h5>\n\t\t\t\t\t\t\t\t<span class=\"terms\"><a href=\"https:\/\/fadcom.alameda.ao\/?taxonomy=portfolio_categories&#038;term=lansman\" rel=\"tag\">Lansman<\/a><\/span>\n\t\t\t\t\t\t\t\t<p>Sed risus tellus, malesuada et accumsan vitae, aliquet eget nisl. Duis semper quis neque a sollicitudin.<a class=\"read_more\" href=\"https:\/\/fadcom.alameda.ao\/?portfolio=tech-drones-lansman\" target=\"_self\"><\/a><\/p>\t\t\t\t\n\t\t\t\t\t\t\t\t\t\n\t\t\t\t\t\t\t<\/section> \t\n\t\t\t\t\t\t<\/div>\n\n\t\t\t\t\t\t<\/div>\n<\/div> \n<!-- \/ portfolio box-->\n<\/div>\n<div class=\"col col-xs-12 col-sm-3 col-md-3  rt-dynamic  portfolio-43\">\n \n\n<!-- portfolio box-->\n<div class=\"loop style-2 hover-1 image post-3916 portfolio type-portfolio status-publish has-post-thumbnail hentry portfolio_categories-training\" id=\"portfolio-3916\">\n\n\t<div class=\"portfolio-loop-item-wrapper\">\n\t\t\n\n\t\t\t\t\t\t<figure class=\"image-thumbnail\">\n\t\t\t\t\t\t\t<a href=\"https:\/\/fadcom.alameda.ao\/?portfolio=abc-bank-staff-training\" target=\"_self\" title=\"Terceira edi\u00e7\u00e3o do ANGOTIC\"><img decoding=\"async\" src=\"https:\/\/fadcom.alameda.ao\/wp-content\/uploads\/2017\/06\/ANGOTICC-1024x658-1-960x658.jpg\" alt=\"\" class=\"\" width=\"960\" height=\"658\" \/><\/a>\n\t\t\t\t\t\t<\/figure>\n\n\t\t\t\t\t\t<div class=\"visible_title\">\n\t\t\t\t\t\t\t<h5 class=\"title\">Terceira edi\u00e7\u00e3o do ANGOTIC<\/h5>\n\t\t\t\t\t\t<\/div>\n\n\t\t\t\t\t\t<div class=\"overlay\">\n\t\t\t\t\t\t\t<section class=\"text\">\n\t\t\t\t\t\t\t\t\t\n\t\t\t\t\t\t\t\t<h5 class=\"title\"><a href=\"https:\/\/fadcom.alameda.ao\/?portfolio=abc-bank-staff-training\" target=\"_self\" rel=\"bookmark\">Terceira edi\u00e7\u00e3o do ANGOTIC<\/a><\/h5>\n\t\t\t\t\t\t\t\t<span class=\"terms\"><a href=\"https:\/\/fadcom.alameda.ao\/?taxonomy=portfolio_categories&#038;term=training\" rel=\"tag\">Training<\/a><\/span>\n\t\t\t\t\t\t\t\t<p>Luanda-A realiza\u00e7\u00e3o da terceira edi\u00e7\u00e3o do ANGOTIC 2023- F\u00f3rum Internacional de Tecnologias de Informa\u00e7\u00e3o e Comunica\u00e7\u00e3o, que decorreu de 12 a 14 deste m\u00eas<a class=\"read_more\" href=\"https:\/\/fadcom.alameda.ao\/?portfolio=abc-bank-staff-training\" target=\"_self\"><\/a><\/p>\t\t\t\t\n\t\t\t\t\t\t\t\t\t\n\t\t\t\t\t\t\t<\/section> \t\n\t\t\t\t\t\t<\/div>\n\n\t\t\t\t\t\t<\/div>\n<\/div> \n<!-- \/ portfolio box-->\n<\/div>\n<div class=\"col col-xs-12 col-sm-3 col-md-3  rt-dynamic  portfolio-43\">\n \n\n<!-- portfolio box-->\n<div class=\"loop style-2 hover-1 image post-3915 portfolio type-portfolio status-publish has-post-thumbnail hentry portfolio_categories-training\" id=\"portfolio-3915\">\n\n\t<div class=\"portfolio-loop-item-wrapper\">\n\t\t\n\n\t\t\t\t\t\t<figure class=\"image-thumbnail\">\n\t\t\t\t\t\t\t<a href=\"https:\/\/fadcom.alameda.ao\/?portfolio=b-capital-finacial-training\" target=\"_self\" title=\"Digital.AO, Angola tem novo centro tecnol\u00f3gico\"><img loading=\"lazy\" decoding=\"async\" src=\"https:\/\/fadcom.alameda.ao\/wp-content\/uploads\/2017\/06\/digitaledificio1_47461487.png\" alt=\"\" class=\"\" width=\"612\" height=\"388\" \/><\/a>\n\t\t\t\t\t\t<\/figure>\n\n\t\t\t\t\t\t<div class=\"visible_title\">\n\t\t\t\t\t\t\t<h5 class=\"title\">Digital.AO, Angola tem novo centro tecnol\u00f3gico<\/h5>\n\t\t\t\t\t\t<\/div>\n\n\t\t\t\t\t\t<div class=\"overlay\">\n\t\t\t\t\t\t\t<section class=\"text\">\n\t\t\t\t\t\t\t\t\t\n\t\t\t\t\t\t\t\t<h5 class=\"title\"><a href=\"https:\/\/fadcom.alameda.ao\/?portfolio=b-capital-finacial-training\" target=\"_self\" rel=\"bookmark\">Digital.AO, Angola tem novo centro tecnol\u00f3gico<\/a><\/h5>\n\t\t\t\t\t\t\t\t<span class=\"terms\"><a href=\"https:\/\/fadcom.alameda.ao\/?taxonomy=portfolio_categories&#038;term=training\" rel=\"tag\">Training<\/a><\/span>\n\t\t\t\t\t\t\t\t<p>O angolano que desejar buscar algum servi\u00e7o do digital.ao, mesmo que esteja fora de Luanda<a class=\"read_more\" href=\"https:\/\/fadcom.alameda.ao\/?portfolio=b-capital-finacial-training\" target=\"_self\"><\/a><\/p>\t\t\t\t\n\t\t\t\t\t\t\t\t\t\n\t\t\t\t\t\t\t<\/section> \t\n\t\t\t\t\t\t<\/div>\n\n\t\t\t\t\t\t<\/div>\n<\/div> \n<!-- \/ portfolio box-->\n<\/div>\n<div class=\"col col-xs-12 col-sm-3 col-md-3  rt-dynamic  portfolio-36\">\n \n\n<!-- portfolio box-->\n<div class=\"loop style-2 hover-1 image post-3914 portfolio type-portfolio status-publish has-post-thumbnail hentry portfolio_categories-lansman\" id=\"portfolio-3914\">\n\n\t<div class=\"portfolio-loop-item-wrapper\">\n\t\t\n\n\t\t\t\t\t\t<figure class=\"image-thumbnail\">\n\t\t\t\t\t\t\t<a href=\"https:\/\/fadcom.alameda.ao\/?portfolio=wonder-vr-lansman\" target=\"_self\" title=\"Projecto de Moderniza\u00e7\u00e3o da REMA &#8211; Rede de Mediateca de Angola\"><img loading=\"lazy\" decoding=\"async\" src=\"https:\/\/fadcom.alameda.ao\/wp-content\/uploads\/2017\/06\/6dcc148a5.jpeg\" alt=\"\" class=\"\" width=\"375\" height=\"178\" \/><\/a>\n\t\t\t\t\t\t<\/figure>\n\n\t\t\t\t\t\t<div class=\"visible_title\">\n\t\t\t\t\t\t\t<h5 class=\"title\">Projecto de Moderniza\u00e7\u00e3o da REMA &#8211; Rede de Mediateca de Angola<\/h5>\n\t\t\t\t\t\t<\/div>\n\n\t\t\t\t\t\t<div class=\"overlay\">\n\t\t\t\t\t\t\t<section class=\"text\">\n\t\t\t\t\t\t\t\t\t\n\t\t\t\t\t\t\t\t<h5 class=\"title\"><a href=\"https:\/\/fadcom.alameda.ao\/?portfolio=wonder-vr-lansman\" target=\"_self\" rel=\"bookmark\">Projecto de Moderniza\u00e7\u00e3o da REMA &#8211; Rede de Mediateca de Angola<\/a><\/h5>\n\t\t\t\t\t\t\t\t<span class=\"terms\"><a href=\"https:\/\/fadcom.alameda.ao\/?taxonomy=portfolio_categories&#038;term=lansman\" rel=\"tag\">Lansman<\/a><\/span>\n\t\t\t\t\t\t\t\t<p>As mediatecas s\u00e3o comummente definidas como bibliotecas informatizadas e multim\u00e9dia, que t\u00eam por objectivo fundamental proporcionar<a class=\"read_more\" href=\"https:\/\/fadcom.alameda.ao\/?portfolio=wonder-vr-lansman\" target=\"_self\"><\/a><\/p>\t\t\t\t\n\t\t\t\t\t\t\t\t\t\n\t\t\t\t\t\t\t<\/section> \t\n\t\t\t\t\t\t<\/div>\n\n\t\t\t\t\t\t<\/div>\n<\/div> \n<!-- \/ portfolio box-->\n<\/div>\n<div class=\"col col-xs-12 col-sm-3 col-md-3  rt-dynamic  portfolio-40\">\n \n\n<!-- portfolio box-->\n<div class=\"loop style-2 hover-1 image post-3913 portfolio type-portfolio status-publish has-post-thumbnail hentry portfolio_categories-seminar\" id=\"portfolio-3913\">\n\n\t<div class=\"portfolio-loop-item-wrapper\">\n\t\t\n\n\t\t\t\t\t\t<figure class=\"image-thumbnail\">\n\t\t\t\t\t\t\t<a href=\"https:\/\/fadcom.alameda.ao\/?portfolio=social-media-marketting-seminar\" target=\"_self\" title=\"Projecto de Telemedicina\"><img loading=\"lazy\" decoding=\"async\" src=\"https:\/\/fadcom.alameda.ao\/wp-content\/uploads\/2017\/06\/646dd.png\" alt=\"\" class=\"\" width=\"486\" height=\"410\" \/><\/a>\n\t\t\t\t\t\t<\/figure>\n\n\t\t\t\t\t\t<div class=\"visible_title\">\n\t\t\t\t\t\t\t<h5 class=\"title\">Projecto de Telemedicina<\/h5>\n\t\t\t\t\t\t<\/div>\n\n\t\t\t\t\t\t<div class=\"overlay\">\n\t\t\t\t\t\t\t<section class=\"text\">\n\t\t\t\t\t\t\t\t\t\n\t\t\t\t\t\t\t\t<h5 class=\"title\"><a href=\"https:\/\/fadcom.alameda.ao\/?portfolio=social-media-marketting-seminar\" target=\"_self\" rel=\"bookmark\">Projecto de Telemedicina<\/a><\/h5>\n\t\t\t\t\t\t\t\t<span class=\"terms\"><a href=\"https:\/\/fadcom.alameda.ao\/?taxonomy=portfolio_categories&#038;term=seminar\" rel=\"tag\">Seminar<\/a><\/span>\n\t\t\t\t\t\t\t\t<p>O Minist\u00e9rio da Sa\u00fade est\u00e1 a desenvolver, em algumas prov\u00edncias do pa\u00eds, um projecto de instala\u00e7\u00e3o de servi\u00e7os de telemedicina.<a class=\"read_more\" href=\"https:\/\/fadcom.alameda.ao\/?portfolio=social-media-marketting-seminar\" target=\"_self\"><\/a><\/p>\t\t\t\t\n\t\t\t\t\t\t\t\t\t\n\t\t\t\t\t\t\t<\/section> \t\n\t\t\t\t\t\t<\/div>\n\n\t\t\t\t\t\t<\/div>\n<\/div> \n<!-- \/ portfolio box-->\n<\/div>\n<div class=\"col col-xs-12 col-sm-3 col-md-3  rt-dynamic  portfolio-40\">\n \n\n<!-- portfolio box-->\n<div class=\"loop style-2 hover-1 image post-3912 portfolio type-portfolio status-publish has-post-thumbnail hentry portfolio_categories-seminar\" id=\"portfolio-3912\">\n\n\t<div class=\"portfolio-loop-item-wrapper\">\n\t\t\n\n\t\t\t\t\t\t<figure class=\"image-thumbnail\">\n\t\t\t\t\t\t\t<a href=\"https:\/\/fadcom.alameda.ao\/?portfolio=eco-friendly-business-seminar\" target=\"_self\" title=\"Projecto SEPE Angola\"><img loading=\"lazy\" decoding=\"async\" src=\"https:\/\/fadcom.alameda.ao\/wp-content\/uploads\/2017\/06\/92e0f11de2379.png\" alt=\"\" class=\"\" width=\"670\" height=\"358\" \/><\/a>\n\t\t\t\t\t\t<\/figure>\n\n\t\t\t\t\t\t<div class=\"visible_title\">\n\t\t\t\t\t\t\t<h5 class=\"title\">Projecto SEPE Angola<\/h5>\n\t\t\t\t\t\t<\/div>\n\n\t\t\t\t\t\t<div class=\"overlay\">\n\t\t\t\t\t\t\t<section class=\"text\">\n\t\t\t\t\t\t\t\t\t\n\t\t\t\t\t\t\t\t<h5 class=\"title\"><a href=\"https:\/\/fadcom.alameda.ao\/?portfolio=eco-friendly-business-seminar\" target=\"_self\" rel=\"bookmark\">Projecto SEPE Angola<\/a><\/h5>\n\t\t\t\t\t\t\t\t<span class=\"terms\"><a href=\"https:\/\/fadcom.alameda.ao\/?taxonomy=portfolio_categories&#038;term=seminar\" rel=\"tag\">Seminar<\/a><\/span>\n\t\t\t\t\t\t\t\t<p>SEPE (Servi\u00e7os P\u00fablicos Electr\u00f3nicos) \u00e9 o Portal Oficial da Administra\u00e7\u00e3o P\u00fablica, para divulga\u00e7\u00e3o de informa\u00e7\u00f5es sobre os Servi\u00e7os P\u00fablicos de Angola.<a class=\"read_more\" href=\"https:\/\/fadcom.alameda.ao\/?portfolio=eco-friendly-business-seminar\" target=\"_self\"><\/a><\/p>\t\t\t\t\n\t\t\t\t\t\t\t\t\t\n\t\t\t\t\t\t\t<\/section> \t\n\t\t\t\t\t\t<\/div>\n\n\t\t\t\t\t\t<\/div>\n<\/div> \n<!-- \/ portfolio box-->\n<\/div>\n<div class=\"col col-xs-12 col-sm-6 col-md-6  rt-dynamic  portfolio-43\">\n \n\n<!-- portfolio box-->\n<div class=\"loop style-2 hover-1 image post-3899 portfolio type-portfolio status-publish has-post-thumbnail hentry portfolio_categories-training\" id=\"portfolio-3899\">\n\n\t<div class=\"portfolio-loop-item-wrapper\">\n\t\t\n\n\t\t\t\t\t\t<figure class=\"image-thumbnail\">\n\t\t\t\t\t\t\t<a href=\"https:\/\/fadcom.alameda.ao\/?portfolio=wavebank-call-center-training\" target=\"_self\" title=\"Projecto Conecta Angola\"><img loading=\"lazy\" decoding=\"async\" src=\"https:\/\/fadcom.alameda.ao\/wp-content\/uploads\/2017\/06\/21b0ee1d182c7-960x960.jpeg\" alt=\"\" class=\"\" width=\"960\" height=\"960\" \/><\/a>\n\t\t\t\t\t\t<\/figure>\n\n\t\t\t\t\t\t<div class=\"visible_title\">\n\t\t\t\t\t\t\t<h5 class=\"title\">Projecto Conecta Angola<\/h5>\n\t\t\t\t\t\t<\/div>\n\n\t\t\t\t\t\t<div class=\"overlay\">\n\t\t\t\t\t\t\t<section class=\"text\">\n\t\t\t\t\t\t\t\t\t\n\t\t\t\t\t\t\t\t<h5 class=\"title\"><a href=\"https:\/\/fadcom.alameda.ao\/?portfolio=wavebank-call-center-training\" target=\"_self\" rel=\"bookmark\">Projecto Conecta Angola<\/a><\/h5>\n\t\t\t\t\t\t\t\t<span class=\"terms\"><a href=\"https:\/\/fadcom.alameda.ao\/?taxonomy=portfolio_categories&#038;term=training\" rel=\"tag\">Training<\/a><\/span>\n\t\t\t\t\t\t\t\t<p>Conecta Angola \u00e9 um projecto de \u00e2mbito social que teve o seu lan\u00e7amento no dia 12 de Junho, durante a abertura oficial do ANGOTIC 2023<a class=\"read_more\" href=\"https:\/\/fadcom.alameda.ao\/?portfolio=wavebank-call-center-training\" target=\"_self\"><\/a><\/p>\t\t\t\t\n\t\t\t\t\t\t\t\t\t\n\t\t\t\t\t\t\t<\/section> \t\n\t\t\t\t\t\t<\/div>\n\n\t\t\t\t\t\t<\/div>\n<\/div> \n<!-- \/ portfolio box-->\n<\/div>\n<div class=\"col col-xs-12 col-sm-3 col-md-3  rt-dynamic  portfolio-39\">\n \n\n<!-- portfolio box-->\n<div class=\"loop style-2 hover-1 image post-3910 portfolio type-portfolio status-publish has-post-thumbnail hentry portfolio_categories-research\" id=\"portfolio-3910\">\n\n\t<div class=\"portfolio-loop-item-wrapper\">\n\t\t\n\n\t\t\t\t\t\t<figure class=\"image-thumbnail\">\n\t\t\t\t\t\t\t<a href=\"https:\/\/fadcom.alameda.ao\/?portfolio=city-app-market-research\" target=\"_self\" title=\"Projecto N \u00b4 gola Digital\"><img loading=\"lazy\" decoding=\"async\" src=\"https:\/\/fadcom.alameda.ao\/wp-content\/uploads\/2017\/06\/2e4aba87b2-960x960.png\" alt=\"\" class=\"\" width=\"960\" height=\"960\" \/><\/a>\n\t\t\t\t\t\t<\/figure>\n\n\t\t\t\t\t\t<div class=\"visible_title\">\n\t\t\t\t\t\t\t<h5 class=\"title\">Projecto N \u00b4 gola Digital<\/h5>\n\t\t\t\t\t\t<\/div>\n\n\t\t\t\t\t\t<div class=\"overlay\">\n\t\t\t\t\t\t\t<section class=\"text\">\n\t\t\t\t\t\t\t\t\t\n\t\t\t\t\t\t\t\t<h5 class=\"title\"><a href=\"https:\/\/fadcom.alameda.ao\/?portfolio=city-app-market-research\" target=\"_self\" rel=\"bookmark\">Projecto N \u00b4 gola Digital<\/a><\/h5>\n\t\t\t\t\t\t\t\t<span class=\"terms\"><a href=\"https:\/\/fadcom.alameda.ao\/?taxonomy=portfolio_categories&#038;term=research\" rel=\"tag\">Research<\/a><\/span>\n\t\t\t\t\t\t\t\t<p>N\u00b4Gola Digital \u00e9 um\u00a0projecto social sem fins lucrativos com o objectivo de atingir as popula\u00e7\u00f5es menos favorecidas..<a class=\"read_more\" href=\"https:\/\/fadcom.alameda.ao\/?portfolio=city-app-market-research\" target=\"_self\"><\/a><\/p>\t\t\t\t\n\t\t\t\t\t\t\t\t\t\n\t\t\t\t\t\t\t<\/section> \t\n\t\t\t\t\t\t<\/div>\n\n\t\t\t\t\t\t<\/div>\n<\/div> \n<!-- \/ portfolio box-->\n<\/div>\n<div class=\"col col-xs-12 col-sm-3 col-md-3  rt-dynamic  portfolio-39\">\n \n\n<!-- portfolio box-->\n<div class=\"loop style-2 hover-1 image post-3911 portfolio type-portfolio status-publish has-post-thumbnail hentry portfolio_categories-research\" id=\"portfolio-3911\">\n\n\t<div class=\"portfolio-loop-item-wrapper\">\n\t\t\n\n\t\t\t\t\t\t<figure class=\"image-thumbnail\">\n\t\t\t\t\t\t\t<a href=\"https:\/\/fadcom.alameda.ao\/?portfolio=agricultural-market-analysis-2017\" target=\"_self\" title=\"Projecto Angola Online\"><img loading=\"lazy\" decoding=\"async\" src=\"https:\/\/fadcom.alameda.ao\/wp-content\/uploads\/2017\/06\/SSSSASS.jpg\" alt=\"\" class=\"\" width=\"640\" height=\"427\" \/><\/a>\n\t\t\t\t\t\t<\/figure>\n\n\t\t\t\t\t\t<div class=\"visible_title\">\n\t\t\t\t\t\t\t<h5 class=\"title\">Projecto Angola Online<\/h5>\n\t\t\t\t\t\t<\/div>\n\n\t\t\t\t\t\t<div class=\"overlay\">\n\t\t\t\t\t\t\t<section class=\"text\">\n\t\t\t\t\t\t\t\t\t\n\t\t\t\t\t\t\t\t<h5 class=\"title\"><a href=\"https:\/\/fadcom.alameda.ao\/?portfolio=agricultural-market-analysis-2017\" target=\"_self\" rel=\"bookmark\">Projecto Angola Online<\/a><\/h5>\n\t\t\t\t\t\t\t\t<span class=\"terms\"><a href=\"https:\/\/fadcom.alameda.ao\/?taxonomy=portfolio_categories&#038;term=research\" rel=\"tag\">Research<\/a><\/span>\n\t\t\t\t\t\t\t\t<p>O projecto de internet gratuita \u201d Angola Online\u201d tem permitido o acesso de trinta mil cidad\u00e3os, nos 111 pontos existentes em todo pa\u00eds..<a class=\"read_more\" href=\"https:\/\/fadcom.alameda.ao\/?portfolio=agricultural-market-analysis-2017\" target=\"_self\"><\/a><\/p>\t\t\t\t\n\t\t\t\t\t\t\t\t\t\n\t\t\t\t\t\t\t<\/section> \t\n\t\t\t\t\t\t<\/div>\n\n\t\t\t\t\t\t<\/div>\n<\/div> \n<!-- \/ portfolio box-->\n<\/div>\n<\/div>\n[\/vc_column][\/vc_row]<\/p>\n","protected":false},"excerpt":{"rendered":"<p>[vc_row rt_row_background_width=&#8221;fullwidth&#8221; rt_row_content_width=&#8221;default&#8221; rt_row_style=&#8221;default-style&#8221; rt_row_height=&#8221;&#8221; rt_column_gaps=&#8221;&#8221; rt_row_shadows=&#8221;&#8221; rt_row_borders=&#8221;&#8221; rt_bg_effect=&#8221;classic&#8221; rt_transparent_bg=&#8221;false&#8221; rt_bg_image_repeat=&#8221;repeat&#8221; rt_bg_size=&#8221;cover&#8221; rt_bg_position=&#8221;right top&#8221; rt_bg_attachment=&#8221;scroll&#8221; rt_bg_layer=&#8221;&#8221; rt_bg_video_format=&#8221;self-hosted&#8221; rt_row_paddings=&#8221;true&#8221; rt_bg_custom_alignment=&#8221;top&#8221; rt_padding_bottom=&#8221;80&#8243; rt_class=&#8221;rt-4688456&#8243; rt_paddings=&#8221;40,40,,&#8221; rt_margins=&#8221;,,,&#8221; rt_content_margins=&#8221;,,,&#8221; rt_tablet_paddings=&#8221;,,,&#8221; rt_tablet_margins=&#8221;,,,&#8221; rt_tablet_content_margins=&#8221;,,,&#8221; rt_sp_paddings=&#8221;,,,&#8221; rt_sp_margins=&#8221;,,,&#8221; rt_sp_content_margins=&#8221;,,,&#8221;][vc_column rt_bg_image_repeat=&#8221;repeat&#8221; rt_bg_size=&#8221;auto auto&#8221; rt_bg_position=&#8221;right top&#8221; rt_bg_attachment=&#8221;scroll&#8221; rt_col_paddings=&#8221;true&#8221; rt_wrp_col_paddings=&#8221;false&#8221; rt_bg_color=&#8221;&#8221; rt_bg_overlay_color=&#8221;&#8221;][\/vc_column][\/vc_row]<\/p>\n","protected":false},"author":1,"featured_media":0,"parent":0,"menu_order":0,"comment_status":"closed","ping_status":"closed","template":"","meta":{"footnotes":""},"class_list":["post-3925","page","type-page","status-publish","hentry"],"_links":{"self":[{"href":"https:\/\/fadcom.alameda.ao\/index.php?rest_route=\/wp\/v2\/pages\/3925","targetHints":{"allow":["GET"]}}],"collection":[{"href":"https:\/\/fadcom.alameda.ao\/index.php?rest_route=\/wp\/v2\/pages"}],"about":[{"href":"https:\/\/fadcom.alameda.ao\/index.php?rest_route=\/wp\/v2\/types\/page"}],"author":[{"embeddable":true,"href":"https:\/\/fadcom.alameda.ao\/index.php?rest_route=\/wp\/v2\/users\/1"}],"replies":[{"embeddable":true,"href":"https:\/\/fadcom.alameda.ao\/index.php?rest_route=%2Fwp%2Fv2%2Fcomments&post=3925"}],"version-history":[{"count":0,"href":"https:\/\/fadcom.alameda.ao\/index.php?rest_route=\/wp\/v2\/pages\/3925\/revisions"}],"wp:attachment":[{"href":"https:\/\/fadcom.alameda.ao\/index.php?rest_route=%2Fwp%2Fv2%2Fmedia&parent=3925"}],"curies":[{"name":"wp","href":"https:\/\/api.w.org\/{rel}","templated":true}]}}