{"id":3884,"date":"2017-06-27T16:59:43","date_gmt":"2017-06-27T16:59:43","guid":{"rendered":"http:\/\/businesslounge-demo.rtthemes.com\/?page_id=3884"},"modified":"2024-05-29T23:13:31","modified_gmt":"2024-05-29T23:13:31","slug":"noticias","status":"publish","type":"page","link":"https:\/\/fadcom.alameda.ao\/?page_id=3884","title":{"rendered":"NOT\u00cdCIAS"},"content":{"rendered":"<p>[vc_row rt_row_background_width=&#8221;fullwidth&#8221; rt_row_content_width=&#8221;default&#8221; rt_row_style=&#8221;default-style&#8221; rt_row_height=&#8221;&#8221; rt_column_gaps=&#8221;&#8221; rt_row_shadows=&#8221;&#8221; rt_row_borders=&#8221;&#8221; rt_bg_effect=&#8221;classic&#8221; rt_bg_image_repeat=&#8221;repeat&#8221; rt_bg_size=&#8221;cover&#8221; rt_bg_position=&#8221;right top&#8221; rt_bg_attachment=&#8221;scroll&#8221; rt_bg_layer=&#8221;&#8221; rt_bg_video_format=&#8221;self-hosted&#8221; rt_class=&#8221;rt-4863608&#8243; rt_paddings=&#8221;,,,&#8221; rt_margins=&#8221;,,,&#8221; rt_content_margins=&#8221;,,,&#8221; rt_tablet_paddings=&#8221;,,,&#8221; rt_tablet_margins=&#8221;,,,&#8221; rt_tablet_content_margins=&#8221;,,,&#8221; rt_sp_paddings=&#8221;,,,&#8221; rt_sp_margins=&#8221;,,,&#8221; rt_sp_content_margins=&#8221;,,,&#8221; rt_bg_color=&#8221;#f1f1f1&#8243;][vc_column rt_bg_effect=&#8221;classic&#8221; rt_bg_image_repeat=&#8221;repeat&#8221; rt_bg_size=&#8221;auto auto&#8221; rt_bg_position=&#8221;right top&#8221; rt_bg_attachment=&#8221;scroll&#8221; rt_class=&#8221;rt-5108502&#8243; rt_margins=&#8221;,&#8221; rt_paddings=&#8221;,,,&#8221; rt_wrapper_paddings=&#8221;,,,&#8221; rt_tablet_margins=&#8221;,&#8221; rt_tablet_paddings=&#8221;,,,&#8221; rt_tablet_wrapper_paddings=&#8221;,,,&#8221; rt_sp_margins=&#8221;,&#8221; rt_sp_paddings=&#8221;,,,&#8221; rt_sp_wrapper_paddings=&#8221;,,,&#8221; rt_bg_color=&#8221;&#8221; rt_bg_overlay_color=&#8221;&#8221;]\n<div id=\"blog-dynamicID-435239\" class=\"blog_list clearfix fixed_heights\" data-column-width=\"2\">\n<div class=\"row clearfix\">\n<article id=\"4928\" class=\"col col-sm-6 post-4928 post type-post status-publish format-standard has-post-thumbnail hentry category-evento\"><div class=\"post-content-wrapper boxed\">\n \n\n<!-- blog box-->\n\t\t\t\t<figure class=\"featured_image featured_media\">\n\t\t\t<a href=\"https:\/\/fadcom.alameda.ao\/?p=4928\" title=\"A PARTICIPA\u00c7\u00c3O DO FADCOM NO ANGOTIC 2024\" class=\"imgeffect link featured_image\"><img fetchpriority=\"high\" decoding=\"async\" src=\"https:\/\/fadcom.alameda.ao\/wp-content\/uploads\/2024\/05\/WhatsApp-Image-2024-05-29-at-22.56.44-480x480.jpeg\" alt=\"\" class=\"\" width=\"480\" height=\"480\" \/><\/a>\t\t\n\t\t<\/figure> \n\t\t\n\t<a href=\"https:\/\/fadcom.alameda.ao\/?p=4928\" title=\"A PARTICIPA\u00c7\u00c3O DO FADCOM NO ANGOTIC 2024\" class=\"post-date\">Maio 29, 2024<\/a>\t\t\t\t\n\n\t<div class=\"entry-content text\">\n\n\t\t<!-- blog headline-->\n\t\t<h5 class=\"entry-title\"><a href=\"https:\/\/fadcom.alameda.ao\/?p=4928\" rel=\"bookmark\">A PARTICIPA\u00c7\u00c3O DO FADCOM NO ANGOTIC 2024<\/a><\/h5> \n\n\t\t\r\n\t\t<!-- meta data -->\r\n\t\t<div class=\"post_data\">\r\n\r\n\t\t\t\r\n\t\t\t\t\t\t<!-- user -->                                     \r\n\t\t\t<span class=\"user\">\r\n\t\t\tby  <a href=\"https:\/\/fadcom.alameda.ao\/?author=1\" title=\"Artigos de jmualumene\" rel=\"author\">jmualumene<\/a>\t\t\t\t\r\n\t\t\t<\/span>\r\n\r\n\t\t\t\t\t\t\t\r\n\t\t\t\t\t\t<!-- categories -->\r\n\t\t\t<span class=\"categories\">\r\n\t\t\tin <a href=\"https:\/\/fadcom.alameda.ao\/?cat=48\" rel=\"category\">Evento<\/a>\t\t\t\t\r\n\t\t\t<\/span>\r\n\t\t\t\r\n\t\t\t\r\n\t\t\t\t\t\t\r\n\t\t<\/div><!-- \/ end div  .post_data -->\r\n\t\n\t\t<p>\u00c9 com grande entusiasmo que anunciamos a participa\u00e7\u00e3o do FADCOM no ANGOTIC 2024 \u2013 F\u00f3rum Internacional de Tecnologias de Informa\u00e7\u00e3o e Comunica\u00e7\u00e3o de Angola. Este evento de renome global, promovido pelo Governo de Angola atrav\u00e9s do Minist\u00e9rio das Telec...<\/p>\t<\/div> \n\n\t<div class=\"entry-footer\">\n\n\t\t<a href=\"https:\/\/fadcom.alameda.ao\/?p=4928\" class=\"read_more\">Ver Mais<\/a><div class=\"social_share\"><span class=\"ui-icon-line-share\"><span>SHARE<\/span><\/span><ul><li class=\"mail\"><a class=\"ui-icon-mail \" href=\"mailto:?body=https%3A%2F%2Ffadcom.alameda.ao%2F%3Fp%3D4928\" title=\"Email\"><span>Email<\/span><\/a><\/li><li class=\"twitter\"><a class=\"ui-icon-twitter \" href=\"#\" data-url=\"http:\/\/twitter.com\/intent\/tweet?text=A+PARTICIPA%C3%87%C3%83O+DO+FADCOM+NO+ANGOTIC+2024+https%3A%2F%2Ffadcom.alameda.ao%2F%3Fp%3D4928\" title=\"X\"><span>X<\/span><\/a><\/li><li class=\"facebook\"><a class=\"ui-icon-facebook \" href=\"#\" data-url=\"http:\/\/www.facebook.com\/sharer\/sharer.php?u=https%3A%2F%2Ffadcom.alameda.ao%2F%3Fp%3D4928&amp;title=A+PARTICIPA%C3%87%C3%83O+DO+FADCOM+NO+ANGOTIC+2024\" title=\"Facebook\"><span>Facebook<\/span><\/a><\/li><li class=\"pinterest\"><a class=\"ui-icon-pinterest \" href=\"#\" data-url=\"http:\/\/pinterest.com\/pin\/create\/bookmarklet\/?media=https%3A%2F%2Ffadcom.alameda.ao%2Fwp-content%2Fuploads%2F2024%2F05%2FWhatsApp-Image-2024-05-29-at-22.56.44.jpeg&amp;url=https%3A%2F%2Ffadcom.alameda.ao%2F%3Fp%3D4928&amp;is_video=false&amp;description=A+PARTICIPA%C3%87%C3%83O+DO+FADCOM+NO+ANGOTIC+2024\" title=\"Pinterest\"><span>Pinterest<\/span><\/a><\/li><li class=\"linkedin\"><a class=\"ui-icon-linkedin \" href=\"#\" data-url=\"http:\/\/www.linkedin.com\/shareArticle?mini=true&amp;url=https%3A%2F%2Ffadcom.alameda.ao%2F%3Fp%3D4928&amp;title=A+PARTICIPA%C3%87%C3%83O+DO+FADCOM+NO+ANGOTIC+2024&amp;source=\" title=\"Linkedin\"><span>Linkedin<\/span><\/a><\/li><li class=\"vkontakte\"><a class=\"ui-icon-vkontakte \" href=\"#\" data-url=\"http:\/\/vkontakte.ru\/share.php?url=https%3A%2F%2Ffadcom.alameda.ao%2F%3Fp%3D4928\" title=\"Vkontakte\"><span>Vkontakte<\/span><\/a><\/li><li class=\"whatsapp\"><a class=\"ui-icon-whatsapp \" href=\"#\" data-url=\"whatsapp:\/\/send?text=https%3A%2F%2Ffadcom.alameda.ao%2F%3Fp%3D4928\" title=\"WhatsApp\"><span>WhatsApp<\/span><\/a><\/li><\/ul><\/div>\n\t<\/div>\n\n<!-- \/ blog box-->\n<\/div><\/article>\n<article id=\"1\" class=\"col col-sm-6 post-1 post type-post status-publish format-standard has-post-thumbnail hentry category-evento\"><div class=\"post-content-wrapper boxed\">\n \n\n<!-- blog box-->\n\t\t\t\t<figure class=\"featured_image featured_media\">\n\t\t\t<a href=\"https:\/\/fadcom.alameda.ao\/?p=1\" title=\"FADCOM PARTICIPA DO 2\u00ba DIA DA III CONFER\u00caNCIA ESPACIAL &#8220;NEW ESPACE \u00c1FRICA&#8221;\" class=\"imgeffect link featured_image\"><img decoding=\"async\" src=\"https:\/\/fadcom.alameda.ao\/wp-content\/uploads\/2024\/04\/EbuJyAtJ-480x480.jpg\" alt=\"\" class=\"\" width=\"480\" height=\"480\" \/><\/a>\t\t\n\t\t<\/figure> \n\t\t\n\t<a href=\"https:\/\/fadcom.alameda.ao\/?p=1\" title=\"FADCOM PARTICIPA DO 2\u00ba DIA DA III CONFER\u00caNCIA ESPACIAL &#8220;NEW ESPACE \u00c1FRICA&#8221;\" class=\"post-date\">Abril 8, 2024<\/a>\t\t\t\t\n\n\t<div class=\"entry-content text\">\n\n\t\t<!-- blog headline-->\n\t\t<h5 class=\"entry-title\"><a href=\"https:\/\/fadcom.alameda.ao\/?p=1\" rel=\"bookmark\">FADCOM PARTICIPA DO 2\u00ba DIA DA III CONFER\u00caNCIA ESPACIAL &#8220;NEW ESPACE \u00c1FRICA&#8221;<\/a><\/h5> \n\n\t\t\r\n\t\t<!-- meta data -->\r\n\t\t<div class=\"post_data\">\r\n\r\n\t\t\t\r\n\t\t\t\t\t\t<!-- user -->                                     \r\n\t\t\t<span class=\"user\">\r\n\t\t\tby  <a href=\"https:\/\/fadcom.alameda.ao\/?author=1\" title=\"Artigos de jmualumene\" rel=\"author\">jmualumene<\/a>\t\t\t\t\r\n\t\t\t<\/span>\r\n\r\n\t\t\t\t\t\t\t\r\n\t\t\t\t\t\t<!-- categories -->\r\n\t\t\t<span class=\"categories\">\r\n\t\t\tin <a href=\"https:\/\/fadcom.alameda.ao\/?cat=48\" rel=\"category\">Evento<\/a>\t\t\t\t\r\n\t\t\t<\/span>\r\n\t\t\t\r\n\t\t\t\r\n\t\t\t\t\t\t\r\n\t\t<\/div><!-- \/ end div  .post_data -->\r\n\t\n\t\t<p>O FADCOM teve a honra de participar ativamente do segundo dia da renomada III CONFER\u00caNCIA ESPACIAL &#8220;NEW ESPACE \u00c1FRICA&#8221;. Este evento de destaque proporcionou um ambiente rico para a troca de ideias e a discuss\u00e3o sobre os progressos no camp...<\/p>\t<\/div> \n\n\t<div class=\"entry-footer\">\n\n\t\t<a href=\"https:\/\/fadcom.alameda.ao\/?p=1\" class=\"read_more\">Ver Mais<\/a><div class=\"social_share\"><span class=\"ui-icon-line-share\"><span>SHARE<\/span><\/span><ul><li class=\"mail\"><a class=\"ui-icon-mail \" href=\"mailto:?body=https%3A%2F%2Ffadcom.alameda.ao%2F%3Fp%3D1\" title=\"Email\"><span>Email<\/span><\/a><\/li><li class=\"twitter\"><a class=\"ui-icon-twitter \" href=\"#\" data-url=\"http:\/\/twitter.com\/intent\/tweet?text=FADCOM+PARTICIPA+DO+2%C2%BA+DIA+DA+III+CONFER%C3%8ANCIA+ESPACIAL+%26%238220%3BNEW+ESPACE+%C3%81FRICA%26%238221%3B+https%3A%2F%2Ffadcom.alameda.ao%2F%3Fp%3D1\" title=\"X\"><span>X<\/span><\/a><\/li><li class=\"facebook\"><a class=\"ui-icon-facebook \" href=\"#\" data-url=\"http:\/\/www.facebook.com\/sharer\/sharer.php?u=https%3A%2F%2Ffadcom.alameda.ao%2F%3Fp%3D1&amp;title=FADCOM+PARTICIPA+DO+2%C2%BA+DIA+DA+III+CONFER%C3%8ANCIA+ESPACIAL+%26%238220%3BNEW+ESPACE+%C3%81FRICA%26%238221%3B\" title=\"Facebook\"><span>Facebook<\/span><\/a><\/li><li class=\"pinterest\"><a class=\"ui-icon-pinterest \" href=\"#\" data-url=\"http:\/\/pinterest.com\/pin\/create\/bookmarklet\/?media=https%3A%2F%2Ffadcom.alameda.ao%2Fwp-content%2Fuploads%2F2024%2F04%2FEbuJyAtJ.jpg&amp;url=https%3A%2F%2Ffadcom.alameda.ao%2F%3Fp%3D1&amp;is_video=false&amp;description=FADCOM+PARTICIPA+DO+2%C2%BA+DIA+DA+III+CONFER%C3%8ANCIA+ESPACIAL+%26%238220%3BNEW+ESPACE+%C3%81FRICA%26%238221%3B\" title=\"Pinterest\"><span>Pinterest<\/span><\/a><\/li><li class=\"linkedin\"><a class=\"ui-icon-linkedin \" href=\"#\" data-url=\"http:\/\/www.linkedin.com\/shareArticle?mini=true&amp;url=https%3A%2F%2Ffadcom.alameda.ao%2F%3Fp%3D1&amp;title=FADCOM+PARTICIPA+DO+2%C2%BA+DIA+DA+III+CONFER%C3%8ANCIA+ESPACIAL+%26%238220%3BNEW+ESPACE+%C3%81FRICA%26%238221%3B&amp;source=\" title=\"Linkedin\"><span>Linkedin<\/span><\/a><\/li><li class=\"vkontakte\"><a class=\"ui-icon-vkontakte \" href=\"#\" data-url=\"http:\/\/vkontakte.ru\/share.php?url=https%3A%2F%2Ffadcom.alameda.ao%2F%3Fp%3D1\" title=\"Vkontakte\"><span>Vkontakte<\/span><\/a><\/li><li class=\"whatsapp\"><a class=\"ui-icon-whatsapp \" href=\"#\" data-url=\"whatsapp:\/\/send?text=https%3A%2F%2Ffadcom.alameda.ao%2F%3Fp%3D1\" title=\"WhatsApp\"><span>WhatsApp<\/span><\/a><\/li><\/ul><\/div>\n\t<\/div>\n\n<!-- \/ blog box-->\n<\/div><\/article>\n<\/div>\n<div class=\"row clearfix\">\n<article id=\"24\" class=\"col col-sm-6 post-24 post type-post status-publish format-standard has-post-thumbnail hentry category-evento tag-automative tag-global tag-market\"><div class=\"post-content-wrapper boxed\">\n \n\n<!-- blog box-->\n\t\t\t\t<figure class=\"featured_image featured_media\">\n\t\t\t<a href=\"https:\/\/fadcom.alameda.ao\/?p=24\" title=\"MINISTRO SATISFEITO POR ANGOLA SER CONFER\u00caNCIA ESPACIAL AFRICANA\" class=\"imgeffect link featured_image\"><img decoding=\"async\" src=\"https:\/\/fadcom.alameda.ao\/wp-content\/uploads\/2017\/06\/uVJs7vNnS7-480x480.jpg\" alt=\"\" class=\"\" width=\"480\" height=\"480\" \/><\/a>\t\t\n\t\t<\/figure> \n\t\t\n\t<a href=\"https:\/\/fadcom.alameda.ao\/?p=24\" title=\"MINISTRO SATISFEITO POR ANGOLA SER CONFER\u00caNCIA ESPACIAL AFRICANA\" class=\"post-date\">Junho 27, 2017<\/a>\t\t\t\t\n\n\t<div class=\"entry-content text\">\n\n\t\t<!-- blog headline-->\n\t\t<h5 class=\"entry-title\"><a href=\"https:\/\/fadcom.alameda.ao\/?p=24\" rel=\"bookmark\">MINISTRO SATISFEITO POR ANGOLA SER CONFER\u00caNCIA ESPACIAL AFRICANA<\/a><\/h5> \n\n\t\t\r\n\t\t<!-- meta data -->\r\n\t\t<div class=\"post_data\">\r\n\r\n\t\t\t\r\n\t\t\t\t\t\t<!-- user -->                                     \r\n\t\t\t<span class=\"user\">\r\n\t\t\tby  <a href=\"https:\/\/fadcom.alameda.ao\/?author=1\" title=\"Artigos de jmualumene\" rel=\"author\">jmualumene<\/a>\t\t\t\t\r\n\t\t\t<\/span>\r\n\r\n\t\t\t\t\t\t\t\r\n\t\t\t\t\t\t<!-- categories -->\r\n\t\t\t<span class=\"categories\">\r\n\t\t\tin <a href=\"https:\/\/fadcom.alameda.ao\/?cat=48\" rel=\"category\">Evento<\/a>\t\t\t\t\r\n\t\t\t<\/span>\r\n\t\t\t\r\n\t\t\t\r\n\t\t\t\t\t\t\r\n\t\t<\/div><!-- \/ end div  .post_data -->\r\n\t\n\t\t<p>A III edi\u00e7\u00e3o da Confer\u00eancia Espacial Africana, que ocorreu de 2 a 5 deste m\u00eas em Luanda, encerrou nesta sexta-feira. O ministro das Telecomunica\u00e7\u00f5es, Tecnologias de Informa\u00e7\u00e3o e Comunica\u00e7\u00e3o Social, M\u00e1rio Oliveira, considerou o evento um sucesso, dest...<\/p>\t<\/div> \n\n\t<div class=\"entry-footer\">\n\n\t\t<a href=\"https:\/\/fadcom.alameda.ao\/?p=24\" class=\"read_more\">Ver Mais<\/a><div class=\"social_share\"><span class=\"ui-icon-line-share\"><span>SHARE<\/span><\/span><ul><li class=\"mail\"><a class=\"ui-icon-mail \" href=\"mailto:?body=https%3A%2F%2Ffadcom.alameda.ao%2F%3Fp%3D24\" title=\"Email\"><span>Email<\/span><\/a><\/li><li class=\"twitter\"><a class=\"ui-icon-twitter \" href=\"#\" data-url=\"http:\/\/twitter.com\/intent\/tweet?text=MINISTRO+SATISFEITO+POR+ANGOLA+SER+CONFER%C3%8ANCIA+ESPACIAL+AFRICANA+https%3A%2F%2Ffadcom.alameda.ao%2F%3Fp%3D24\" title=\"X\"><span>X<\/span><\/a><\/li><li class=\"facebook\"><a class=\"ui-icon-facebook \" href=\"#\" data-url=\"http:\/\/www.facebook.com\/sharer\/sharer.php?u=https%3A%2F%2Ffadcom.alameda.ao%2F%3Fp%3D24&amp;title=MINISTRO+SATISFEITO+POR+ANGOLA+SER+CONFER%C3%8ANCIA+ESPACIAL+AFRICANA\" title=\"Facebook\"><span>Facebook<\/span><\/a><\/li><li class=\"pinterest\"><a class=\"ui-icon-pinterest \" href=\"#\" data-url=\"http:\/\/pinterest.com\/pin\/create\/bookmarklet\/?media=https%3A%2F%2Ffadcom.alameda.ao%2Fwp-content%2Fuploads%2F2017%2F06%2FuVJs7vNnS7.jpg&amp;url=https%3A%2F%2Ffadcom.alameda.ao%2F%3Fp%3D24&amp;is_video=false&amp;description=MINISTRO+SATISFEITO+POR+ANGOLA+SER+CONFER%C3%8ANCIA+ESPACIAL+AFRICANA\" title=\"Pinterest\"><span>Pinterest<\/span><\/a><\/li><li class=\"linkedin\"><a class=\"ui-icon-linkedin \" href=\"#\" data-url=\"http:\/\/www.linkedin.com\/shareArticle?mini=true&amp;url=https%3A%2F%2Ffadcom.alameda.ao%2F%3Fp%3D24&amp;title=MINISTRO+SATISFEITO+POR+ANGOLA+SER+CONFER%C3%8ANCIA+ESPACIAL+AFRICANA&amp;source=\" title=\"Linkedin\"><span>Linkedin<\/span><\/a><\/li><li class=\"vkontakte\"><a class=\"ui-icon-vkontakte \" href=\"#\" data-url=\"http:\/\/vkontakte.ru\/share.php?url=https%3A%2F%2Ffadcom.alameda.ao%2F%3Fp%3D24\" title=\"Vkontakte\"><span>Vkontakte<\/span><\/a><\/li><li class=\"whatsapp\"><a class=\"ui-icon-whatsapp \" href=\"#\" data-url=\"whatsapp:\/\/send?text=https%3A%2F%2Ffadcom.alameda.ao%2F%3Fp%3D24\" title=\"WhatsApp\"><span>WhatsApp<\/span><\/a><\/li><\/ul><\/div>\n\t<\/div>\n\n<!-- \/ blog box-->\n<\/div><\/article>\n<article id=\"23\" class=\"col col-sm-6 post-23 post type-post status-publish format-gallery has-post-thumbnail hentry category-events tag-automative tag-global tag-market post_format-post-format-gallery\"><div class=\"post-content-wrapper boxed\">\n \n\n\n\n<!-- blog box-->\n\n\t\t<figure class=\"featured_image featured_media\">\n\t\t<a href=\"https:\/\/fadcom.alameda.ao\/?p=23\" title=\"GGPEN ASSINA DOIS ACORDOS NO \u00c2MBITO DO PROGRAMA ESPACIAL\" class=\"imgeffect gallery\"><img loading=\"lazy\" decoding=\"async\" src=\"https:\/\/fadcom.alameda.ao\/wp-content\/uploads\/2017\/06\/Db1kw-480x480.jpg\" alt=\"\" class=\"\" width=\"480\" height=\"480\" \/><\/a>\t\t\n\t<\/figure> \n\t\n\t \n\n\t<a href=\"https:\/\/fadcom.alameda.ao\/?p=23\" title=\"GGPEN ASSINA DOIS ACORDOS NO \u00c2MBITO DO PROGRAMA ESPACIAL\" class=\"post-date\">Junho 27, 2017<\/a>\t\t\t\t\n\n\t<div class=\"entry-content text\">\n\n\t\t<!-- blog headline-->\n\t\t<h5 class=\"entry-title\"><a href=\"https:\/\/fadcom.alameda.ao\/?p=23\" rel=\"bookmark\">GGPEN ASSINA DOIS ACORDOS NO \u00c2MBITO DO PROGRAMA ESPACIAL<\/a><\/h5> \n\n\t\t\r\n\t\t<!-- meta data -->\r\n\t\t<div class=\"post_data\">\r\n\r\n\t\t\t\r\n\t\t\t\t\t\t<!-- user -->                                     \r\n\t\t\t<span class=\"user\">\r\n\t\t\tby  <a href=\"https:\/\/fadcom.alameda.ao\/?author=1\" title=\"Artigos de jmualumene\" rel=\"author\">jmualumene<\/a>\t\t\t\t\r\n\t\t\t<\/span>\r\n\r\n\t\t\t\t\t\t\t\r\n\t\t\t\t\t\t<!-- categories -->\r\n\t\t\t<span class=\"categories\">\r\n\t\t\tin <a href=\"https:\/\/fadcom.alameda.ao\/?cat=22\" rel=\"category\">Events<\/a>\t\t\t\t\r\n\t\t\t<\/span>\r\n\t\t\t\r\n\t\t\t\r\n\t\t\t\t\t\t\r\n\t\t<\/div><!-- \/ end div  .post_data -->\r\n\t\n\t\t<p>O Gabinete de Gest\u00e3o do Programa Espacial Nacional (GGPEN) assinou, nesta quarta-feira, dois acordos de parceria e memorandos de entendimento no dom\u00ednio espacial com a empresa de Telecomunica\u00e7\u00f5es MSTelcom e com o Gana, respectivamente, \u00e0 margem da II...<\/p>\t<\/div> \n\n\t<div class=\"entry-footer\">\n\n\t\t<a href=\"https:\/\/fadcom.alameda.ao\/?p=23\" class=\"read_more\">Ver Mais<\/a><div class=\"social_share\"><span class=\"ui-icon-line-share\"><span>SHARE<\/span><\/span><ul><li class=\"mail\"><a class=\"ui-icon-mail \" href=\"mailto:?body=https%3A%2F%2Ffadcom.alameda.ao%2F%3Fp%3D23\" title=\"Email\"><span>Email<\/span><\/a><\/li><li class=\"twitter\"><a class=\"ui-icon-twitter \" href=\"#\" data-url=\"http:\/\/twitter.com\/intent\/tweet?text=GGPEN+ASSINA+DOIS+ACORDOS+NO+%C3%82MBITO+DO+PROGRAMA+ESPACIAL+https%3A%2F%2Ffadcom.alameda.ao%2F%3Fp%3D23\" title=\"X\"><span>X<\/span><\/a><\/li><li class=\"facebook\"><a class=\"ui-icon-facebook \" href=\"#\" data-url=\"http:\/\/www.facebook.com\/sharer\/sharer.php?u=https%3A%2F%2Ffadcom.alameda.ao%2F%3Fp%3D23&amp;title=GGPEN+ASSINA+DOIS+ACORDOS+NO+%C3%82MBITO+DO+PROGRAMA+ESPACIAL\" title=\"Facebook\"><span>Facebook<\/span><\/a><\/li><li class=\"pinterest\"><a class=\"ui-icon-pinterest \" href=\"#\" data-url=\"http:\/\/pinterest.com\/pin\/create\/bookmarklet\/?media=https%3A%2F%2Ffadcom.alameda.ao%2Fwp-content%2Fuploads%2F2017%2F06%2FDb1kw.jpg&amp;url=https%3A%2F%2Ffadcom.alameda.ao%2F%3Fp%3D23&amp;is_video=false&amp;description=GGPEN+ASSINA+DOIS+ACORDOS+NO+%C3%82MBITO+DO+PROGRAMA+ESPACIAL\" title=\"Pinterest\"><span>Pinterest<\/span><\/a><\/li><li class=\"linkedin\"><a class=\"ui-icon-linkedin \" href=\"#\" data-url=\"http:\/\/www.linkedin.com\/shareArticle?mini=true&amp;url=https%3A%2F%2Ffadcom.alameda.ao%2F%3Fp%3D23&amp;title=GGPEN+ASSINA+DOIS+ACORDOS+NO+%C3%82MBITO+DO+PROGRAMA+ESPACIAL&amp;source=\" title=\"Linkedin\"><span>Linkedin<\/span><\/a><\/li><li class=\"vkontakte\"><a class=\"ui-icon-vkontakte \" href=\"#\" data-url=\"http:\/\/vkontakte.ru\/share.php?url=https%3A%2F%2Ffadcom.alameda.ao%2F%3Fp%3D23\" title=\"Vkontakte\"><span>Vkontakte<\/span><\/a><\/li><li class=\"whatsapp\"><a class=\"ui-icon-whatsapp \" href=\"#\" data-url=\"whatsapp:\/\/send?text=https%3A%2F%2Ffadcom.alameda.ao%2F%3Fp%3D23\" title=\"WhatsApp\"><span>WhatsApp<\/span><\/a><\/li><\/ul><\/div>\n\t<\/div>\n\n<!-- \/ blog box--><\/div><\/article>\n<\/div>\n<\/div>\n<div class=\"paging_wrapper margin-t30 margin-b30\"><ul class='page-numbers'>\n\t<li><span aria-current=\"page\" class=\"page-numbers current\">1<\/span><\/li>\n\t<li><a class=\"page-numbers\" href=\"https:\/\/fadcom.alameda.ao\/index.php\/?paged=2&#038;rest_route=%2Fwp%2Fv2%2Fpages%2F3884\">2<\/a><\/li>\n\t<li><a class=\"page-numbers\" href=\"https:\/\/fadcom.alameda.ao\/index.php\/?paged=3&#038;rest_route=%2Fwp%2Fv2%2Fpages%2F3884\">3<\/a><\/li>\n\t<li><a class=\"next page-numbers\" href=\"https:\/\/fadcom.alameda.ao\/index.php\/?paged=2&#038;rest_route=%2Fwp%2Fv2%2Fpages%2F3884\"><span class=\"ui-icon-angle-right\"><\/span><\/a><\/li>\n<\/ul>\n<\/div>[\/vc_column][\/vc_row]<\/p>\n","protected":false},"excerpt":{"rendered":"<p>[vc_row rt_row_background_width=&#8221;fullwidth&#8221; rt_row_content_width=&#8221;default&#8221; rt_row_style=&#8221;default-style&#8221; rt_row_height=&#8221;&#8221; rt_column_gaps=&#8221;&#8221; rt_row_shadows=&#8221;&#8221; rt_row_borders=&#8221;&#8221; rt_bg_effect=&#8221;classic&#8221; rt_bg_image_repeat=&#8221;repeat&#8221; rt_bg_size=&#8221;cover&#8221; rt_bg_position=&#8221;right top&#8221; rt_bg_attachment=&#8221;scroll&#8221; rt_bg_layer=&#8221;&#8221; rt_bg_video_format=&#8221;self-hosted&#8221; rt_class=&#8221;rt-4863608&#8243; rt_paddings=&#8221;,,,&#8221; rt_margins=&#8221;,,,&#8221; rt_content_margins=&#8221;,,,&#8221; rt_tablet_paddings=&#8221;,,,&#8221; rt_tablet_margins=&#8221;,,,&#8221; rt_tablet_content_margins=&#8221;,,,&#8221; rt_sp_paddings=&#8221;,,,&#8221; rt_sp_margins=&#8221;,,,&#8221; rt_sp_content_margins=&#8221;,,,&#8221; rt_bg_color=&#8221;#f1f1f1&#8243;][vc_column rt_bg_effect=&#8221;classic&#8221; rt_bg_image_repeat=&#8221;repeat&#8221; rt_bg_size=&#8221;auto auto&#8221; rt_bg_position=&#8221;right top&#8221; rt_bg_attachment=&#8221;scroll&#8221; rt_class=&#8221;rt-5108502&#8243; rt_margins=&#8221;,&#8221; rt_paddings=&#8221;,,,&#8221; rt_wrapper_paddings=&#8221;,,,&#8221; rt_tablet_margins=&#8221;,&#8221; rt_tablet_paddings=&#8221;,,,&#8221; rt_tablet_wrapper_paddings=&#8221;,,,&#8221; rt_sp_margins=&#8221;,&#8221; rt_sp_paddings=&#8221;,,,&#8221; rt_sp_wrapper_paddings=&#8221;,,,&#8221; rt_bg_color=&#8221;&#8221; rt_bg_overlay_color=&#8221;&#8221;][\/vc_column][\/vc_row]<\/p>\n","protected":false},"author":1,"featured_media":0,"parent":0,"menu_order":0,"comment_status":"closed","ping_status":"closed","template":"","meta":{"footnotes":""},"class_list":["post-3884","page","type-page","status-publish","hentry"],"_links":{"self":[{"href":"https:\/\/fadcom.alameda.ao\/index.php?rest_route=\/wp\/v2\/pages\/3884","targetHints":{"allow":["GET"]}}],"collection":[{"href":"https:\/\/fadcom.alameda.ao\/index.php?rest_route=\/wp\/v2\/pages"}],"about":[{"href":"https:\/\/fadcom.alameda.ao\/index.php?rest_route=\/wp\/v2\/types\/page"}],"author":[{"embeddable":true,"href":"https:\/\/fadcom.alameda.ao\/index.php?rest_route=\/wp\/v2\/users\/1"}],"replies":[{"embeddable":true,"href":"https:\/\/fadcom.alameda.ao\/index.php?rest_route=%2Fwp%2Fv2%2Fcomments&post=3884"}],"version-history":[{"count":4,"href":"https:\/\/fadcom.alameda.ao\/index.php?rest_route=\/wp\/v2\/pages\/3884\/revisions"}],"predecessor-version":[{"id":4834,"href":"https:\/\/fadcom.alameda.ao\/index.php?rest_route=\/wp\/v2\/pages\/3884\/revisions\/4834"}],"wp:attachment":[{"href":"https:\/\/fadcom.alameda.ao\/index.php?rest_route=%2Fwp%2Fv2%2Fmedia&parent=3884"}],"curies":[{"name":"wp","href":"https:\/\/api.w.org\/{rel}","templated":true}]}}